{"id":3130,"date":"2019-04-15T06:43:22","date_gmt":"2019-04-15T06:43:22","guid":{"rendered":"http:\/\/o-beau.com\/transport\/"},"modified":"2019-10-18T12:01:48","modified_gmt":"2019-10-18T12:01:48","slug":"transport","status":"publish","type":"page","link":"https:\/\/o-beau.com\/fr\/transport\/","title":{"rendered":"Transport"},"content":{"rendered":"<p><section   class=\"fw-main-row-custom fw-main-row-top fw-section-no-padding  fw_theme_bg_fw-custom fw-section-image fw-section-height-custom  fw-section-position-back tf-sh-d8f605f5df0f57a393b20427da55339a hero-image-content-page\"  style=\" background-image:url(\/\/o-beau.com\/wp-content\/uploads\/2019\/10\/shutterstock_729219940.jpg); background-repeat: no-repeat; background-position: center center; background-size: cover; height: 338px;\"  >\n\t\t<div class=\"fw-main-row-overlay fw_theme_bg_color_1\" style=\"opacity: 0.45;\"><\/div>\t<div class=\"fw-container-fluid\" >\n\t\t<div class=\"fw-row\">\n\t<div id=\"column-69f8ae3e5208e\" class=\"fw-col-sm-12 tf-sh-f7d75741247db2ad3ec30b5ad0b9e018\" >\n\t<div class=\"fw-wrap-col-inner clearfix  \"   >\n\t\t\t\t<div class=\"fw-col-inner\">\n\t\t\t<div class=\"fw-heading fw-heading-left  tf-sh-36f515f515b795457e56476493357ea5\" >\n\t\t\t<h2 class=\"fw-special-title\">Transport<\/h2>\n\t\n\t\n\t<\/div>\t\t<\/div>\n\t<\/div>\n<\/div><\/div>\n\n\t<\/div>\n\t<\/section><section   class=\"fw-main-row-custom  auto  fw-section-position-back tf-sh-684b315775aabdb9e46979543f4a3cf2 crumps\"    >\n\t\t\t<div class=\"fw-container\" >\n\t\t<div class=\"fw-row\">\n\t<div id=\"column-69f8ae3e5249d\" class=\"fw-col-sm-12 tf-sh-ac9e6ecc9e463d2683b1ea88887145a9\" >\n\t<div class=\"fw-wrap-col-inner clearfix  \"   >\n\t\t\t\t<div class=\"fw-col-inner\">\n\t\t\t<div class=\"fw-breadcrumbs-shortcode \">\n\t\n<\/div>\t\t<\/div>\n\t<\/div>\n<\/div><\/div>\n\n\t<\/div>\n\t<\/section><section   class=\"fw-main-row-custom  auto  fw-section-position-back tf-sh-8720ed1c34b049d37edede38bac145e4 content-page-description\"    >\n\t\t\t<div class=\"fw-container\" >\n\t\t<div class=\"fw-row\">\n\t<div id=\"column-69f8ae3e52a8e\" class=\"fw-col-sm-8 tf-sh-79a1d2f6cdd96f2fce27366125fc7b6a collection-text-content\" >\n\t<div class=\"fw-wrap-col-inner clearfix  \"   >\n\t\t\t\t<div class=\"fw-col-inner\">\n\t\t\t<div class=\"fw-heading fw-heading-left  tf-sh-3b356eae8712f707fd0274bb99706943\" >\n\t\t\t<h1 class=\"fw-special-title\">Transport<\/h1>\n\t\n\t\n\t<\/div><div class=\"fw-text-box tf-sh-b000b0f006d728360252d53ade485a9a \" >\n\t<div class=\"fw-text-inner\">\n\t\t<p>Lorsque vous souhaitez acheter un meuble, une peinture ou un autre produit, vous aurez parfois \u00e0 composer avec le fait de ne pas avoir de moyen de transport adapt\u00e9 au transport de votre achat en toute s\u00e9curit\u00e9 vers votre domicile. Nous avons la solution pour vous : nous organisons le transport pour vous et veillons \u00e0 ce que vos achats soient en parfait \u00e9tat du point A au point B.<\/p>\n\t<\/div>\n<\/div><div class=\"fw-heading fw-heading-left  tf-sh-36f598c622760f21c4cf32aa907847da\" >\n\t\t\t<h2 class=\"fw-special-title\">Transport international<\/h2>\n\t\n\t\n\t<\/div><div class=\"fw-text-box tf-sh-1b78a50878714e4d54051dfcd8515028 \" >\n\t<div class=\"fw-text-inner\">\n\t\t<p>Nous pouvons livrer votre commande dans le monde entier en faisant appel \u00e0 diff\u00e9rents transporteurs. Avec nos propres camions de transport, nous pouvons livrer vos achats aux Pays-Bas, en Belgique et en France. Souhaitez-vous faire livrer une commande dans un autre pays ? Nous ferons alors appel \u00e0 un transport tiers pour r\u00e9aliser le transport. Nous emballons votre produit avec le plus grand soin afin qu'il vous parvienne dans des conditions optimales.<\/p>\n\t<\/div>\n<\/div><div class=\"fw-heading fw-heading-left  tf-sh-fad45e28056f0e22e2e31d83aae03ff7\" >\n\t\t\t<h2 class=\"fw-special-title\">D\u00e9lai de livraison<\/h2>\n\t\n\t\n\t<\/div><div class=\"fw-text-box tf-sh-6b3ab7a602c193a2c4ca0e488832eaf5 \" >\n\t<div class=\"fw-text-inner\">\n\t\t<p>Lorsque vous achetez un meuble, une peinture ou un autre article, nous savons que vous souhaitez l'avoir dans votre maison le plus t\u00f4t possible.  Nous mettons tout en \u0153uvre pour vous livrer votre achat le plus rapidement possible. Veuillez noter que cela diff\u00e8re selon le d\u00e9lai de livraison que vous devez prendre en compte. Nous pouvons g\u00e9n\u00e9ralement vous livrer dans un d\u00e9lai variant d'un jour \u00e0 une semaine apr\u00e8s votre achat.<\/p>\n\t<\/div>\n<\/div><div class=\"fw-heading fw-heading-left  tf-sh-61248c497057caa1ee47e44d575febcc\" >\n\t\t\t<h2 class=\"fw-special-title\">Frais de transport<\/h2>\n\t\n\t\n\t<\/div><div class=\"fw-text-box tf-sh-e59444748bb8bb0b027680c69a37ae17 \" >\n\t<div class=\"fw-text-inner\">\n\t\t<p>Nous ne pouvons pas vous dire exactement \u00e0 combien s\u2019\u00e9l\u00e8ve le co\u00fbt du transport que vous aurez \u00e0 prendre en compte, car cela varie selon l'endroit o\u00f9 nous devons nous rendre. Si vous souhaitez conna\u00eetre les co\u00fbts de transport approximatifs, nous vous recommandons de nous contacter.<\/p>\n\t<\/div>\n<\/div><div class=\"fw-heading fw-heading-left  tf-sh-11edbb8b3695b31e7aa5d0a6f76ce5c6\" >\n\t\t\t<h3 class=\"fw-special-title\">En savoir plus sur les transports?<\/h3>\n\t\n\t\n\t<\/div><div class=\"fw-text-box tf-sh-4f9be8f930f88d36ea1681f5bfd8d359 \" >\n\t<div class=\"fw-text-inner\">\n\t\t<p>Vous avez des questions quant \u00e0 notre fa\u00e7on de travailler ou vous \u00eates curieux de conna\u00eetre les d\u00e9lais de livraison ou les co\u00fbts que vous devrez prendre en compte ? N'h\u00e9sitez pas \u00e0 nous contacter. Nous sommes \u00e0 votre disposition et nous vous en dirons volontiers plus sur les possibilit\u00e9s \u00e0 votre disposition.<\/p>\n\t<\/div>\n<\/div>\t<a href=\"\/informatie-aanvragen\/\" target=\"_self\" class=\"fw-btn tf-sh-c0cd7efbb80c22f58b5eebc6016214af  fw-btn-md   fw-btn-side-by-side fw-btn-1\"  style=\"\">\n\t\t<span >\n\t\t\tdemander des informations\t\t<\/span>\n\t<\/a>\n\t\t<\/div>\n\t<\/div>\n<\/div><\/div>\n\n\t<\/div>\n\t<\/section><\/p>\n","protected":false},"excerpt":{"rendered":"<p>Transport Transport Lorsque vous souhaitez acheter un meuble, une peinture ou un autre produit, vous aurez parfois \u00e0 composer avec le fait de ne pas avoir de moyen de transport adapt\u00e9 au transport de votre achat en toute s\u00e9curit\u00e9 vers votre domicile. Nous avons la solution pour vous : nous organisons le transport pour vous [&hellip;]<\/p>\n","protected":false},"author":1,"featured_media":0,"parent":0,"menu_order":0,"comment_status":"closed","ping_status":"closed","template":"visual-builder-template.php","meta":{"footnotes":""},"class_list":["post-3130","page","type-page","status-publish","hentry"],"yoast_head":"<!-- This site is optimized with the Yoast SEO plugin v27.5 - https:\/\/yoast.com\/product\/yoast-seo-wordpress\/ -->\n<title>Transport - Obeau<\/title>\n<meta name=\"robots\" content=\"index, follow, max-snippet:-1, max-image-preview:large, max-video-preview:-1\" \/>\n<link rel=\"canonical\" href=\"https:\/\/o-beau.com\/fr\/transport\/\" \/>\n<meta property=\"og:locale\" content=\"fr_FR\" \/>\n<meta property=\"og:type\" content=\"article\" \/>\n<meta property=\"og:title\" content=\"Transport - Obeau\" \/>\n<meta property=\"og:description\" content=\"Transport Transport Lorsque vous souhaitez acheter un meuble, une peinture ou un autre produit, vous aurez parfois \u00e0 composer avec le fait de ne pas avoir de moyen de transport adapt\u00e9 au transport de votre achat en toute s\u00e9curit\u00e9 vers votre domicile. Nous avons la solution pour vous : nous organisons le transport pour vous [&hellip;]\" \/>\n<meta property=\"og:url\" content=\"https:\/\/o-beau.com\/fr\/transport\/\" \/>\n<meta property=\"og:site_name\" content=\"Obeau\" \/>\n<meta property=\"article:modified_time\" content=\"2019-10-18T12:01:48+00:00\" \/>\n<meta name=\"twitter:card\" content=\"summary_large_image\" \/>\n<meta name=\"twitter:label1\" content=\"Dur\u00e9e de lecture estim\u00e9e\" \/>\n\t<meta name=\"twitter:data1\" content=\"2 minutes\" \/>\n<script type=\"application\/ld+json\" class=\"yoast-schema-graph\">{\"@context\":\"https:\\\/\\\/schema.org\",\"@graph\":[{\"@type\":\"WebPage\",\"@id\":\"https:\\\/\\\/o-beau.com\\\/fr\\\/transport\\\/\",\"url\":\"https:\\\/\\\/o-beau.com\\\/fr\\\/transport\\\/\",\"name\":\"Transport - Obeau\",\"isPartOf\":{\"@id\":\"https:\\\/\\\/o-beau.com\\\/#website\"},\"datePublished\":\"2019-04-15T06:43:22+00:00\",\"dateModified\":\"2019-10-18T12:01:48+00:00\",\"breadcrumb\":{\"@id\":\"https:\\\/\\\/o-beau.com\\\/fr\\\/transport\\\/#breadcrumb\"},\"inLanguage\":\"fr-FR\",\"potentialAction\":[{\"@type\":\"ReadAction\",\"target\":[\"https:\\\/\\\/o-beau.com\\\/fr\\\/transport\\\/\"]}]},{\"@type\":\"BreadcrumbList\",\"@id\":\"https:\\\/\\\/o-beau.com\\\/fr\\\/transport\\\/#breadcrumb\",\"itemListElement\":[{\"@type\":\"ListItem\",\"position\":1,\"name\":\"Home\",\"item\":\"https:\\\/\\\/o-beau.com\\\/fr\\\/\"},{\"@type\":\"ListItem\",\"position\":2,\"name\":\"Transport\"}]},{\"@type\":\"WebSite\",\"@id\":\"https:\\\/\\\/o-beau.com\\\/#website\",\"url\":\"https:\\\/\\\/o-beau.com\\\/\",\"name\":\"Obeau\",\"description\":\"\",\"potentialAction\":[{\"@type\":\"SearchAction\",\"target\":{\"@type\":\"EntryPoint\",\"urlTemplate\":\"https:\\\/\\\/o-beau.com\\\/?s={search_term_string}\"},\"query-input\":{\"@type\":\"PropertyValueSpecification\",\"valueRequired\":true,\"valueName\":\"search_term_string\"}}],\"inLanguage\":\"fr-FR\"}]}<\/script>\n<!-- \/ Yoast SEO plugin. -->","yoast_head_json":{"title":"Transport - Obeau","robots":{"index":"index","follow":"follow","max-snippet":"max-snippet:-1","max-image-preview":"max-image-preview:large","max-video-preview":"max-video-preview:-1"},"canonical":"https:\/\/o-beau.com\/fr\/transport\/","og_locale":"fr_FR","og_type":"article","og_title":"Transport - Obeau","og_description":"Transport Transport Lorsque vous souhaitez acheter un meuble, une peinture ou un autre produit, vous aurez parfois \u00e0 composer avec le fait de ne pas avoir de moyen de transport adapt\u00e9 au transport de votre achat en toute s\u00e9curit\u00e9 vers votre domicile. Nous avons la solution pour vous : nous organisons le transport pour vous [&hellip;]","og_url":"https:\/\/o-beau.com\/fr\/transport\/","og_site_name":"Obeau","article_modified_time":"2019-10-18T12:01:48+00:00","twitter_card":"summary_large_image","twitter_misc":{"Dur\u00e9e de lecture estim\u00e9e":"2 minutes"},"schema":{"@context":"https:\/\/schema.org","@graph":[{"@type":"WebPage","@id":"https:\/\/o-beau.com\/fr\/transport\/","url":"https:\/\/o-beau.com\/fr\/transport\/","name":"Transport - Obeau","isPartOf":{"@id":"https:\/\/o-beau.com\/#website"},"datePublished":"2019-04-15T06:43:22+00:00","dateModified":"2019-10-18T12:01:48+00:00","breadcrumb":{"@id":"https:\/\/o-beau.com\/fr\/transport\/#breadcrumb"},"inLanguage":"fr-FR","potentialAction":[{"@type":"ReadAction","target":["https:\/\/o-beau.com\/fr\/transport\/"]}]},{"@type":"BreadcrumbList","@id":"https:\/\/o-beau.com\/fr\/transport\/#breadcrumb","itemListElement":[{"@type":"ListItem","position":1,"name":"Home","item":"https:\/\/o-beau.com\/fr\/"},{"@type":"ListItem","position":2,"name":"Transport"}]},{"@type":"WebSite","@id":"https:\/\/o-beau.com\/#website","url":"https:\/\/o-beau.com\/","name":"Obeau","description":"","potentialAction":[{"@type":"SearchAction","target":{"@type":"EntryPoint","urlTemplate":"https:\/\/o-beau.com\/?s={search_term_string}"},"query-input":{"@type":"PropertyValueSpecification","valueRequired":true,"valueName":"search_term_string"}}],"inLanguage":"fr-FR"}]}},"_links":{"self":[{"href":"https:\/\/o-beau.com\/fr\/wp-json\/wp\/v2\/pages\/3130","targetHints":{"allow":["GET"]}}],"collection":[{"href":"https:\/\/o-beau.com\/fr\/wp-json\/wp\/v2\/pages"}],"about":[{"href":"https:\/\/o-beau.com\/fr\/wp-json\/wp\/v2\/types\/page"}],"author":[{"embeddable":true,"href":"https:\/\/o-beau.com\/fr\/wp-json\/wp\/v2\/users\/1"}],"replies":[{"embeddable":true,"href":"https:\/\/o-beau.com\/fr\/wp-json\/wp\/v2\/comments?post=3130"}],"version-history":[{"count":5,"href":"https:\/\/o-beau.com\/fr\/wp-json\/wp\/v2\/pages\/3130\/revisions"}],"predecessor-version":[{"id":5438,"href":"https:\/\/o-beau.com\/fr\/wp-json\/wp\/v2\/pages\/3130\/revisions\/5438"}],"wp:attachment":[{"href":"https:\/\/o-beau.com\/fr\/wp-json\/wp\/v2\/media?parent=3130"}],"curies":[{"name":"wp","href":"https:\/\/api.w.org\/{rel}","templated":true}]}}