{"id":3131,"date":"2019-04-15T06:24:21","date_gmt":"2019-04-15T06:24:21","guid":{"rendered":"http:\/\/o-beau.com\/antiekfairs-in-frankrijk\/"},"modified":"2019-10-18T13:30:12","modified_gmt":"2019-10-18T13:30:12","slug":"antiekfairs-in-frankrijk","status":"publish","type":"page","link":"https:\/\/o-beau.com\/fr\/antiekfairs-in-frankrijk\/","title":{"rendered":"Antiquit\u00e9s en France"},"content":{"rendered":"<p><section   class=\"fw-main-row-custom fw-main-row-top fw-section-no-padding  fw_theme_bg_fw-custom fw-section-image fw-section-height-custom  fw-section-position-back tf-sh-d8f605f5df0f57a393b20427da55339a hero-image-content-page\"  style=\" background-image:url(\/\/o-beau.com\/wp-content\/uploads\/2019\/01\/shutterstock_1194941455-min-1-1.jpg); background-repeat: no-repeat; background-position: center center; background-size: cover; height: 338px;\"  >\n\t\t<div class=\"fw-main-row-overlay fw_theme_bg_color_1\" style=\"opacity: 0.45;\"><\/div>\t<div class=\"fw-container-fluid\" >\n\t\t<div class=\"fw-row\">\n\t<div id=\"column-69f2a19673a39\" class=\"fw-col-sm-12 tf-sh-f7d75741247db2ad3ec30b5ad0b9e018\" >\n\t<div class=\"fw-wrap-col-inner clearfix  \"   >\n\t\t\t\t<div class=\"fw-col-inner\">\n\t\t\t<div class=\"fw-heading fw-heading-left  tf-sh-36f515f515b795457e56476493357ea5\" >\n\t\t\t<h2 class=\"fw-special-title\">Antiquit\u00e9s en France<\/h2>\n\t\n\t\n\t<\/div>\t\t<\/div>\n\t<\/div>\n<\/div><\/div>\n\n\t<\/div>\n\t<\/section><section   class=\"fw-main-row-custom  auto  fw-section-position-back tf-sh-684b315775aabdb9e46979543f4a3cf2 crumps\"    >\n\t\t\t<div class=\"fw-container\" >\n\t\t<div class=\"fw-row\">\n\t<div id=\"column-69f2a19673df8\" class=\"fw-col-sm-12 tf-sh-c2589d2c5eb9ad4d0e8bb203668533c4\" >\n\t<div class=\"fw-wrap-col-inner clearfix  \"   >\n\t\t\t\t<div class=\"fw-col-inner\">\n\t\t\t<div class=\"fw-breadcrumbs-shortcode \">\n\t\n<\/div>\t\t<\/div>\n\t<\/div>\n<\/div><\/div>\n\n\t<\/div>\n\t<\/section><section   class=\"fw-main-row-custom  auto  fw-section-position-back tf-sh-8720ed1c34b049d37edede38bac145e4 content-page-description\"    >\n\t\t\t<div class=\"fw-container\" >\n\t\t<div class=\"fw-row\">\n\t<div id=\"column-69f2a196743a5\" class=\"fw-col-sm-8 tf-sh-79a1d2f6cdd96f2fce27366125fc7b6a collection-text-content\" >\n\t<div class=\"fw-wrap-col-inner clearfix  \"   >\n\t\t\t\t<div class=\"fw-col-inner\">\n\t\t\t<div class=\"fw-heading fw-heading-left  tf-sh-ab26b808fedd320e415e5b066af4b754\" >\n\t\t\t<h1 class=\"fw-special-title\">Antiquit\u00e9s en France<\/h1>\n\t\n\t\n\t<\/div><div class=\"fw-text-box tf-sh-b000b0f006d728360252d53ade485a9a \" >\n\t<div class=\"fw-text-inner\">\n\t\t<p>La France compte plusieurs foires d'antiquit\u00e9s bien connues o\u00f9 beaucoup de gens viennent chercher les plus beaux objets. O'BEAU participe \u00e9galement r\u00e9guli\u00e8rement \u00e0 des foires d'antiquit\u00e9s en France. Vous vous demandez quand elles ont lieu et dans quelles foires nous serons pr\u00e9sents? Nous vous donnons un aper\u00e7u des dates:<\/p>\n\t<\/div>\n<\/div><div class=\"fw-heading fw-heading-left  tf-sh-1a1913756d8d41363f0591ed4f73d4ed\" >\n\t\t\t<h2 class=\"fw-special-title\">Transport<\/h2>\n\t\n\t\n\t<\/div><div class=\"fw-text-box tf-sh-ecaf9aedd373d05a18feb868e32c1ad5 \" >\n\t<div class=\"fw-text-inner\">\n\t\t<p>Lorsque vous passez une commande depuis la France, il est \u00e9galement possible de faire livrer vos achats, si nous sommes dans une foire d\u2019antiquit\u00e9s en France. Si vous habitez loin, vous devrez prendre en compte des frais de transport suppl\u00e9mentaires. Vous venez vous-m\u00eame \u00e0 l'une des foires ? Dans ce cas, vous pouvez toujours venir retirer votre commande gratuitement.<\/p>\n\t<\/div>\n<\/div><div class=\"fw-heading fw-heading-left  tf-sh-0db2a06dbaac331590a7fee4d99daa99\" >\n\t\t\t<h3 class=\"fw-special-title\">En savoir plus sur les foires d\u2019antiquit\u00e9s en France?<\/h3>\n\t\n\t\n\t<\/div><div class=\"fw-text-box tf-sh-6cfa3873e56c4d13d8dec272b40a1db3 \" >\n\t<div class=\"fw-text-inner\">\n\t\t<p>Vous avez des questions ou vous souhaitez en savoir plus sur l'un des magasins d'antiquit\u00e9s o\u00f9 vous pouvez nous trouver ? N'h\u00e9sitez pas \u00e0 nous contacter, nous serons heureux de vous aider.<\/p>\n\t<\/div>\n<\/div>\t<a href=\"\/informatie-aanvragen\/\" target=\"_self\" class=\"fw-btn tf-sh-c0cd7efbb80c22f58b5eebc6016214af  fw-btn-md   fw-btn-side-by-side fw-btn-1\"  style=\"\">\n\t\t<span >\n\t\t\tInformatie aanvragen\t\t<\/span>\n\t<\/a>\n\t\t<\/div>\n\t<\/div>\n<\/div><div id=\"column-69f2a19674829\" class=\"fw-col-sm-4 tf-sh-94069ee4fcfe15b74e8c0f87b9cc77cc specifications\" >\n\t<div class=\"fw-wrap-col-inner clearfix fw_theme_border_only_color_4 \" style=\"border-width: 1px; border-style: solid;\"  >\n\t\t\t\t<div class=\"fw-col-inner\">\n\t\t\t<div class=\"fw-heading fw-heading-left  tf-sh-561141fc9babeb1355e397b5fc046f32\" >\n\t\t\t<h2 class=\"fw-special-title\">D\u00e9ballage Marchand d'antiquit\u00e9s- Brocante:<\/h2>\n\t\n\t\n\t<\/div><div class=\"fw-text-box tf-sh-cdeb261939db132a6a8d71bb4a559158 \" >\n\t<div class=\"fw-text-inner\">\n\t\t<p>21 mars<br \/>16 avril<br \/>21 mai<br \/>25 juin<\/p>\n\t<\/div>\n<\/div><div class=\"fw-divider-space space-sm  clearfix\"  ><\/div><div class=\"fw-heading fw-heading-left  tf-sh-473ffa84a13e9e82adaf2bafdfd123da\" >\n\t\t\t<h2 class=\"fw-special-title\">D\u00e9ballage B\u00e9ziers:<\/h2>\n\t\n\t\n\t<\/div><div class=\"fw-text-box tf-sh-d6427fe818268ef146c291ef388c4c6f \" >\n\t<div class=\"fw-text-inner\">\n\t\t<p>31 mars\u00a0<br \/>5 mai\u00a0<br \/>16 juin<br \/>8 septembre<br \/>6 octobre<br \/>2 d\u00e9cembre<\/p>\n\t<\/div>\n<\/div>\t\t<\/div>\n\t<\/div>\n<\/div><\/div>\n\n\t<\/div>\n\t<\/section><\/p>\n","protected":false},"excerpt":{"rendered":"<p>Antiquit\u00e9s en France Antiquit\u00e9s en France La France compte plusieurs foires d&rsquo;antiquit\u00e9s bien connues o\u00f9 beaucoup de gens viennent chercher les plus beaux objets. O&rsquo;BEAU participe \u00e9galement r\u00e9guli\u00e8rement \u00e0 des foires d&rsquo;antiquit\u00e9s en France. Vous vous demandez quand elles ont lieu et dans quelles foires nous serons pr\u00e9sents? Nous vous donnons un aper\u00e7u des dates: [&hellip;]<\/p>\n","protected":false},"author":1,"featured_media":0,"parent":0,"menu_order":0,"comment_status":"closed","ping_status":"closed","template":"visual-builder-template.php","meta":{"footnotes":""},"class_list":["post-3131","page","type-page","status-publish","hentry"],"yoast_head":"<!-- This site is optimized with the Yoast SEO plugin v27.4 - https:\/\/yoast.com\/product\/yoast-seo-wordpress\/ -->\n<title>Antiquit\u00e9s en France - Obeau<\/title>\n<meta name=\"robots\" content=\"index, follow, max-snippet:-1, max-image-preview:large, max-video-preview:-1\" \/>\n<link rel=\"canonical\" href=\"https:\/\/o-beau.com\/fr\/antiekfairs-in-frankrijk\/\" \/>\n<meta property=\"og:locale\" content=\"fr_FR\" \/>\n<meta property=\"og:type\" content=\"article\" \/>\n<meta property=\"og:title\" content=\"Antiquit\u00e9s en France - Obeau\" \/>\n<meta property=\"og:description\" content=\"Antiquit\u00e9s en France Antiquit\u00e9s en France La France compte plusieurs foires d&#039;antiquit\u00e9s bien connues o\u00f9 beaucoup de gens viennent chercher les plus beaux objets. O&#039;BEAU participe \u00e9galement r\u00e9guli\u00e8rement \u00e0 des foires d&#039;antiquit\u00e9s en France. Vous vous demandez quand elles ont lieu et dans quelles foires nous serons pr\u00e9sents? Nous vous donnons un aper\u00e7u des dates: [&hellip;]\" \/>\n<meta property=\"og:url\" content=\"https:\/\/o-beau.com\/fr\/antiekfairs-in-frankrijk\/\" \/>\n<meta property=\"og:site_name\" content=\"Obeau\" \/>\n<meta property=\"article:modified_time\" content=\"2019-10-18T13:30:12+00:00\" \/>\n<meta name=\"twitter:card\" content=\"summary_large_image\" \/>\n<meta name=\"twitter:label1\" content=\"Dur\u00e9e de lecture estim\u00e9e\" \/>\n\t<meta name=\"twitter:data1\" content=\"1 minute\" \/>\n<script type=\"application\/ld+json\" class=\"yoast-schema-graph\">{\"@context\":\"https:\\\/\\\/schema.org\",\"@graph\":[{\"@type\":\"WebPage\",\"@id\":\"https:\\\/\\\/o-beau.com\\\/fr\\\/antiekfairs-in-frankrijk\\\/\",\"url\":\"https:\\\/\\\/o-beau.com\\\/fr\\\/antiekfairs-in-frankrijk\\\/\",\"name\":\"Antiquit\u00e9s en France - Obeau\",\"isPartOf\":{\"@id\":\"https:\\\/\\\/o-beau.com\\\/#website\"},\"datePublished\":\"2019-04-15T06:24:21+00:00\",\"dateModified\":\"2019-10-18T13:30:12+00:00\",\"breadcrumb\":{\"@id\":\"https:\\\/\\\/o-beau.com\\\/fr\\\/antiekfairs-in-frankrijk\\\/#breadcrumb\"},\"inLanguage\":\"fr-FR\",\"potentialAction\":[{\"@type\":\"ReadAction\",\"target\":[\"https:\\\/\\\/o-beau.com\\\/fr\\\/antiekfairs-in-frankrijk\\\/\"]}]},{\"@type\":\"BreadcrumbList\",\"@id\":\"https:\\\/\\\/o-beau.com\\\/fr\\\/antiekfairs-in-frankrijk\\\/#breadcrumb\",\"itemListElement\":[{\"@type\":\"ListItem\",\"position\":1,\"name\":\"Home\",\"item\":\"https:\\\/\\\/o-beau.com\\\/fr\\\/\"},{\"@type\":\"ListItem\",\"position\":2,\"name\":\"Antiquit\u00e9s en France\"}]},{\"@type\":\"WebSite\",\"@id\":\"https:\\\/\\\/o-beau.com\\\/#website\",\"url\":\"https:\\\/\\\/o-beau.com\\\/\",\"name\":\"Obeau\",\"description\":\"\",\"potentialAction\":[{\"@type\":\"SearchAction\",\"target\":{\"@type\":\"EntryPoint\",\"urlTemplate\":\"https:\\\/\\\/o-beau.com\\\/?s={search_term_string}\"},\"query-input\":{\"@type\":\"PropertyValueSpecification\",\"valueRequired\":true,\"valueName\":\"search_term_string\"}}],\"inLanguage\":\"fr-FR\"}]}<\/script>\n<!-- \/ Yoast SEO plugin. -->","yoast_head_json":{"title":"Antiquit\u00e9s en France - Obeau","robots":{"index":"index","follow":"follow","max-snippet":"max-snippet:-1","max-image-preview":"max-image-preview:large","max-video-preview":"max-video-preview:-1"},"canonical":"https:\/\/o-beau.com\/fr\/antiekfairs-in-frankrijk\/","og_locale":"fr_FR","og_type":"article","og_title":"Antiquit\u00e9s en France - Obeau","og_description":"Antiquit\u00e9s en France Antiquit\u00e9s en France La France compte plusieurs foires d'antiquit\u00e9s bien connues o\u00f9 beaucoup de gens viennent chercher les plus beaux objets. O'BEAU participe \u00e9galement r\u00e9guli\u00e8rement \u00e0 des foires d'antiquit\u00e9s en France. Vous vous demandez quand elles ont lieu et dans quelles foires nous serons pr\u00e9sents? Nous vous donnons un aper\u00e7u des dates: [&hellip;]","og_url":"https:\/\/o-beau.com\/fr\/antiekfairs-in-frankrijk\/","og_site_name":"Obeau","article_modified_time":"2019-10-18T13:30:12+00:00","twitter_card":"summary_large_image","twitter_misc":{"Dur\u00e9e de lecture estim\u00e9e":"1 minute"},"schema":{"@context":"https:\/\/schema.org","@graph":[{"@type":"WebPage","@id":"https:\/\/o-beau.com\/fr\/antiekfairs-in-frankrijk\/","url":"https:\/\/o-beau.com\/fr\/antiekfairs-in-frankrijk\/","name":"Antiquit\u00e9s en France - Obeau","isPartOf":{"@id":"https:\/\/o-beau.com\/#website"},"datePublished":"2019-04-15T06:24:21+00:00","dateModified":"2019-10-18T13:30:12+00:00","breadcrumb":{"@id":"https:\/\/o-beau.com\/fr\/antiekfairs-in-frankrijk\/#breadcrumb"},"inLanguage":"fr-FR","potentialAction":[{"@type":"ReadAction","target":["https:\/\/o-beau.com\/fr\/antiekfairs-in-frankrijk\/"]}]},{"@type":"BreadcrumbList","@id":"https:\/\/o-beau.com\/fr\/antiekfairs-in-frankrijk\/#breadcrumb","itemListElement":[{"@type":"ListItem","position":1,"name":"Home","item":"https:\/\/o-beau.com\/fr\/"},{"@type":"ListItem","position":2,"name":"Antiquit\u00e9s en France"}]},{"@type":"WebSite","@id":"https:\/\/o-beau.com\/#website","url":"https:\/\/o-beau.com\/","name":"Obeau","description":"","potentialAction":[{"@type":"SearchAction","target":{"@type":"EntryPoint","urlTemplate":"https:\/\/o-beau.com\/?s={search_term_string}"},"query-input":{"@type":"PropertyValueSpecification","valueRequired":true,"valueName":"search_term_string"}}],"inLanguage":"fr-FR"}]}},"_links":{"self":[{"href":"https:\/\/o-beau.com\/fr\/wp-json\/wp\/v2\/pages\/3131","targetHints":{"allow":["GET"]}}],"collection":[{"href":"https:\/\/o-beau.com\/fr\/wp-json\/wp\/v2\/pages"}],"about":[{"href":"https:\/\/o-beau.com\/fr\/wp-json\/wp\/v2\/types\/page"}],"author":[{"embeddable":true,"href":"https:\/\/o-beau.com\/fr\/wp-json\/wp\/v2\/users\/1"}],"replies":[{"embeddable":true,"href":"https:\/\/o-beau.com\/fr\/wp-json\/wp\/v2\/comments?post=3131"}],"version-history":[{"count":5,"href":"https:\/\/o-beau.com\/fr\/wp-json\/wp\/v2\/pages\/3131\/revisions"}],"predecessor-version":[{"id":5463,"href":"https:\/\/o-beau.com\/fr\/wp-json\/wp\/v2\/pages\/3131\/revisions\/5463"}],"wp:attachment":[{"href":"https:\/\/o-beau.com\/fr\/wp-json\/wp\/v2\/media?parent=3131"}],"curies":[{"name":"wp","href":"https:\/\/api.w.org\/{rel}","templated":true}]}}