{"id":3142,"date":"2019-04-15T06:11:01","date_gmt":"2019-04-15T06:11:01","guid":{"rendered":"http:\/\/o-beau.com\/antiek-tours\/"},"modified":"2022-02-03T21:31:12","modified_gmt":"2022-02-03T21:31:12","slug":"antiek-tours","status":"publish","type":"page","link":"https:\/\/o-beau.com\/fr\/antiek-tours\/","title":{"rendered":"Tourn\u00e9es d\u2019antiquit\u00e9s"},"content":{"rendered":"<p><section   class=\"fw-main-row-custom fw-main-row-top fw-section-no-padding  fw_theme_bg_fw-custom fw-section-image fw-section-height-custom  fw-section-position-back tf-sh-d8f605f5df0f57a393b20427da55339a hero-image-content-page\"  style=\" background-image:url(https:\/\/o-beau.com\/wp-content\/uploads\/2019\/10\/shutterstock_1075434785.jpg); background-repeat: no-repeat; background-position: center center; background-size: cover; height: 338px;\"  >\n\t\t<div class=\"fw-main-row-overlay fw_theme_bg_color_1\" style=\"opacity: 0.45;\"><\/div>\t<div class=\"fw-container-fluid\" >\n\t\t<div class=\"fw-row\">\n\t<div id=\"column-69f8ae1643b50\" class=\"fw-col-sm-12 tf-sh-f7d75741247db2ad3ec30b5ad0b9e018\" >\n\t<div class=\"fw-wrap-col-inner clearfix  \"   >\n\t\t\t\t<div class=\"fw-col-inner\">\n\t\t\t<div class=\"fw-heading fw-heading-left  tf-sh-36f515f515b795457e56476493357ea5\" >\n\t\t\t<h2 class=\"fw-special-title\">Tourn\u00e9es d\u2019antiquit\u00e9s<\/h2>\n\t\n\t\n\t<\/div>\t\t<\/div>\n\t<\/div>\n<\/div><\/div>\n\n\t<\/div>\n\t<\/section><section   class=\"fw-main-row-custom  auto  fw-section-position-back tf-sh-684b315775aabdb9e46979543f4a3cf2 crumps\"    >\n\t\t\t<div class=\"fw-container\" >\n\t\t<div class=\"fw-row\">\n\t<div id=\"column-69f8ae1643e65\" class=\"fw-col-sm-12 tf-sh-29f1ba2219d5456893c6a1c27d88cc15\" >\n\t<div class=\"fw-wrap-col-inner clearfix  \"   >\n\t\t\t\t<div class=\"fw-col-inner\">\n\t\t\t<div class=\"fw-breadcrumbs-shortcode \">\n\t\n<\/div>\t\t<\/div>\n\t<\/div>\n<\/div><\/div>\n\n\t<\/div>\n\t<\/section><section   class=\"fw-main-row-custom  auto  fw-section-position-back tf-sh-8720ed1c34b049d37edede38bac145e4 content-page-description\"    >\n\t\t\t<div class=\"fw-container\" >\n\t\t<div class=\"fw-row\">\n\t<div id=\"column-69f8ae16443e0\" class=\"fw-col-sm-8 tf-sh-79a1d2f6cdd96f2fce27366125fc7b6a collection-text-content\" >\n\t<div class=\"fw-wrap-col-inner clearfix  \"   >\n\t\t\t\t<div class=\"fw-col-inner\">\n\t\t\t<div class=\"fw-heading fw-heading-left  tf-sh-6e2f4cbbd020ddac9deaf9c6e99aebc3\" >\n\t\t\t<h1 class=\"fw-special-title\">Tourn\u00e9es d\u2019antiquit\u00e9s<\/h1>\n\t\n\t\n\t<\/div><div class=\"fw-text-box tf-sh-b000b0f006d728360252d53ade485a9a \" >\n\t<div class=\"fw-text-inner\">\n\t\t<p>Nous organisons plusieurs tourn\u00e9es d'antiquit\u00e9s aux Pays-Bas, en Belgique et en France. Gr\u00e2ce \u00e0 nos nombreuses ann\u00e9es d'expertise, nous savons exactement ce qui se passe sur le march\u00e9 des antiquit\u00e9s. Nous nous ferons un plaisir de vous emmener en tourn\u00e9e et de passer chez diff\u00e9rents antiquaires avec vous. Indiquez votre style pr\u00e9f\u00e9r\u00e9 et le budget que vous destinez \u00e0 l\u2019achat d'antiquit\u00e9s.<\/p>\n\t<\/div>\n<\/div><div class=\"fw-heading fw-heading-left  tf-sh-7ab1eb1a5c42c637b65925f06cb549cf\" >\n\t\t\t<h2 class=\"fw-special-title\">Pourquoi opter pour une tourn\u00e9e d\u2019antiquit\u00e9s ?<\/h2>\n\t\n\t\n\t<\/div><div class=\"fw-text-box tf-sh-c7793416e73ff97b65dc42f70501e8eb \" >\n\t<div class=\"fw-text-inner\">\n\t\t<p>Inscrivez-vous \u00e0 une tourn\u00e9e d'antiquit\u00e9s et trouvez les articles d'antiquit\u00e9s uniques dans les magasins d'antiquit\u00e9s locaux. En 3 \u00e0 5 jours nous visitons plusieurs magasins d'antiquit\u00e9s pour trouver ce que vous cherchez. Nous disposons de nombreux contacts, nous savons exactement o\u00f9 nous pouvons trouver les pr\u00e9cieux objets qui feront votre bonheur.<\/p>\n\t<\/div>\n<\/div><div class=\"fw-heading fw-heading-left  tf-sh-ec81bc76bfdb7b3c2f809cb003f52469\" >\n\t\t\t<h2 class=\"fw-special-title\">Votre premier point de contact<\/h2>\n\t\n\t\n\t<\/div><div class=\"fw-text-box tf-sh-fef981e253527b38ed34cebaaaa5ccd1 \" >\n\t<div class=\"fw-text-inner\">\n\t\t<p>Si vous vous inscrivez \u00e0 une tourn\u00e9e d'antiquit\u00e9s, vous n\u2019aurez pas \u00e0 vous soucier de quoi que ce soit. Nous arrangeons tout dans les moindres d\u00e9tails. De la r\u00e9servation d'un h\u00f4tel au transport depuis et vers les antiquaires : tout est inclus dans le prix. Tout au long de la tourn\u00e9e, nous sommes votre point de contact.<\/p>\n\t<\/div>\n<\/div><div class=\"fw-heading fw-heading-left  tf-sh-c97bb3b19d83b97b0610331c8806714f\" >\n\t\t\t<h2 class=\"fw-special-title\">Vos effets personnels entrepos\u00e9s en toute s\u00e9curit\u00e9<\/h2>\n\t\n\t\n\t<\/div><div class=\"fw-text-box tf-sh-166eb9a114b6a95d036679f4e0252bcd \" >\n\t<div class=\"fw-text-inner\">\n\t\t<p>Le grand avantage d'une visite guid\u00e9e avec O'BEAU est que nous entreposons vos meubles anciens et autres biens achet\u00e9s en toute s\u00e9curit\u00e9 jusqu'\u00e0 la fin de votre s\u00e9jour. De plus, nous nous occupons \u00e9galement de l'exp\u00e9dition et des formalit\u00e9s associ\u00e9es pour vous.<\/p>\n\t<\/div>\n<\/div><div class=\"fw-heading fw-heading-left  tf-sh-6d09da91e2f6ea9811ea1f223408a02d\" >\n\t\t\t<h2 class=\"fw-special-title\">Inscrivez-vous \u00e0 nos tourn\u00e9es guid\u00e9es d'antiquit\u00e9s<\/h2>\n\t\n\t\n\t<\/div><div class=\"fw-text-box tf-sh-00ba23dca9148b9b29bb77c67386b63d \" >\n\t<div class=\"fw-text-inner\">\n\t\t<p>Vous aussi, aimez les antiquit\u00e9s ? Vous pouvez vous inscrire en envoyant un email \u00e0 <a href=\"mailto:info@obeau.nl\">info@obeau.nl<\/a> ou en nous appelant par WhatsApp au +31 20318562. Quand les tourn\u00e9es ont-elles lieu ? Indiquez le jour de votre choix. Une tourn\u00e9e peut \u00eatre organis\u00e9e tous les jours, en fonction de l\u2019int\u00e9r\u00eat. Nous conviendrons avec vous d'un jour et d'une heure souhait\u00e9<\/p>\n\t<\/div>\n<\/div><div class=\"fw-heading fw-heading-left  tf-sh-cf57f4b157f0679a4fce098d25f1cbda\" >\n\t\t\t<h3 class=\"fw-special-title\">En savoir plus sur une tourn\u00e9e d'antiquit\u00e9s<\/h3>\n\t\n\t\n\t<\/div><div class=\"fw-text-box tf-sh-34516be971db26c49b0061281b78368c \" >\n\t<div class=\"fw-text-inner\">\n\t\t<p>Souhaitez-vous en savoir plus sur une tourn\u00e9e d'antiquit\u00e9s \u00e0 propos des prix, du programme, etc. N'h\u00e9sitez pas \u00e0 nous contacter et nous nous ferons un plaisir de vous en dire plus.<\/p>\n\t<\/div>\n<\/div>\t<a href=\"\/informatie-aanvragen\/\" target=\"_self\" class=\"fw-btn tf-sh-c0cd7efbb80c22f58b5eebc6016214af  fw-btn-md   fw-btn-side-by-side fw-btn-1\"  style=\"\">\n\t\t<span >\n\t\t\tdemander des informations\t\t<\/span>\n\t<\/a>\n\t\t<\/div>\n\t<\/div>\n<\/div><div id=\"column-69f8ae1644a9e\" class=\"fw-col-sm-4 tf-sh-94069ee4fcfe15b74e8c0f87b9cc77cc specifications\" >\n\t<div class=\"fw-wrap-col-inner clearfix fw_theme_border_only_color_4 \" style=\"border-width: 1px; border-style: solid;\"  >\n\t\t\t\t<div class=\"fw-col-inner\">\n\t\t\t<div class=\"fw-heading fw-heading-left  tf-sh-561141fc9babeb1355e397b5fc046f32\" >\n\t\t\t<h2 class=\"fw-special-title\">D\u00e9ballage Marchand d'antiquit\u00e9s- Brocante:<\/h2>\n\t\n\t\n\t<\/div><div class=\"fw-text-box tf-sh-261f679bdb9003c2dac8e079da402548 \" >\n\t<div class=\"fw-text-inner\">\n\t\t<p>15 f\u00e9vrier<\/p>\n<p>24 Mars<\/p>\n<p>20 Avril<\/p>\n<p>18 Mai<\/p>\n<p>21 Juin<\/p>\n\t<\/div>\n<\/div><div class=\"fw-divider-space space-md  clearfix\"  ><\/div><div class=\"fw-heading fw-heading-left  tf-sh-606f24c3d163370d320f47ed5ef030f3\" >\n\t\t\t<h2 class=\"fw-special-title\">D\u00e9ballage B\u00e9ziers: <\/h2>\n\t\n\t\n\t<\/div><div class=\"fw-text-box tf-sh-927a2d374797e94bdf6529941de0e547 \" >\n\t<div class=\"fw-text-inner\">\n\t\t<p>20 f\u00e9vrier<\/p>\n<p>20 Mars<\/p>\n<p>24 Avril<\/p>\n<p>22 Mai<\/p>\n<p>26 Juin<\/p>\n<p>11 Septembre<\/p>\n<p>20 Novembre<\/p>\n<p>&nbsp;<\/p>\n\t<\/div>\n<\/div>\t\t<\/div>\n\t<\/div>\n<\/div><\/div>\n\n\t<\/div>\n\t<\/section><\/p>\n","protected":false},"excerpt":{"rendered":"<p>Tourn\u00e9es d\u2019antiquit\u00e9s Tourn\u00e9es d\u2019antiquit\u00e9s Nous organisons plusieurs tourn\u00e9es d&rsquo;antiquit\u00e9s aux Pays-Bas, en Belgique et en France. Gr\u00e2ce \u00e0 nos nombreuses ann\u00e9es d&rsquo;expertise, nous savons exactement ce qui se passe sur le march\u00e9 des antiquit\u00e9s. Nous nous ferons un plaisir de vous emmener en tourn\u00e9e et de passer chez diff\u00e9rents antiquaires avec vous. Indiquez votre style [&hellip;]<\/p>\n","protected":false},"author":1,"featured_media":0,"parent":0,"menu_order":0,"comment_status":"closed","ping_status":"closed","template":"visual-builder-template.php","meta":{"footnotes":""},"class_list":["post-3142","page","type-page","status-publish","hentry"],"yoast_head":"<!-- This site is optimized with the Yoast SEO plugin v27.5 - https:\/\/yoast.com\/product\/yoast-seo-wordpress\/ -->\n<title>Tourn\u00e9es d\u2019antiquit\u00e9s - Obeau<\/title>\n<meta name=\"robots\" content=\"index, follow, max-snippet:-1, max-image-preview:large, max-video-preview:-1\" \/>\n<link rel=\"canonical\" href=\"https:\/\/o-beau.com\/fr\/antiek-tours\/\" \/>\n<meta property=\"og:locale\" content=\"fr_FR\" \/>\n<meta property=\"og:type\" content=\"article\" \/>\n<meta property=\"og:title\" content=\"Tourn\u00e9es d\u2019antiquit\u00e9s - Obeau\" \/>\n<meta property=\"og:description\" content=\"Tourn\u00e9es d\u2019antiquit\u00e9s Tourn\u00e9es d\u2019antiquit\u00e9s Nous organisons plusieurs tourn\u00e9es d&#039;antiquit\u00e9s aux Pays-Bas, en Belgique et en France. Gr\u00e2ce \u00e0 nos nombreuses ann\u00e9es d&#039;expertise, nous savons exactement ce qui se passe sur le march\u00e9 des antiquit\u00e9s. Nous nous ferons un plaisir de vous emmener en tourn\u00e9e et de passer chez diff\u00e9rents antiquaires avec vous. Indiquez votre style [&hellip;]\" \/>\n<meta property=\"og:url\" content=\"https:\/\/o-beau.com\/fr\/antiek-tours\/\" \/>\n<meta property=\"og:site_name\" content=\"Obeau\" \/>\n<meta property=\"article:modified_time\" content=\"2022-02-03T21:31:12+00:00\" \/>\n<meta name=\"twitter:card\" content=\"summary_large_image\" \/>\n<meta name=\"twitter:label1\" content=\"Dur\u00e9e de lecture estim\u00e9e\" \/>\n\t<meta name=\"twitter:data1\" content=\"2 minutes\" \/>\n<script type=\"application\/ld+json\" class=\"yoast-schema-graph\">{\"@context\":\"https:\\\/\\\/schema.org\",\"@graph\":[{\"@type\":\"WebPage\",\"@id\":\"https:\\\/\\\/o-beau.com\\\/fr\\\/antiek-tours\\\/\",\"url\":\"https:\\\/\\\/o-beau.com\\\/fr\\\/antiek-tours\\\/\",\"name\":\"Tourn\u00e9es d\u2019antiquit\u00e9s - Obeau\",\"isPartOf\":{\"@id\":\"https:\\\/\\\/o-beau.com\\\/#website\"},\"datePublished\":\"2019-04-15T06:11:01+00:00\",\"dateModified\":\"2022-02-03T21:31:12+00:00\",\"breadcrumb\":{\"@id\":\"https:\\\/\\\/o-beau.com\\\/fr\\\/antiek-tours\\\/#breadcrumb\"},\"inLanguage\":\"fr-FR\",\"potentialAction\":[{\"@type\":\"ReadAction\",\"target\":[\"https:\\\/\\\/o-beau.com\\\/fr\\\/antiek-tours\\\/\"]}]},{\"@type\":\"BreadcrumbList\",\"@id\":\"https:\\\/\\\/o-beau.com\\\/fr\\\/antiek-tours\\\/#breadcrumb\",\"itemListElement\":[{\"@type\":\"ListItem\",\"position\":1,\"name\":\"Home\",\"item\":\"https:\\\/\\\/o-beau.com\\\/fr\\\/\"},{\"@type\":\"ListItem\",\"position\":2,\"name\":\"Tourn\u00e9es d\u2019antiquit\u00e9s\"}]},{\"@type\":\"WebSite\",\"@id\":\"https:\\\/\\\/o-beau.com\\\/#website\",\"url\":\"https:\\\/\\\/o-beau.com\\\/\",\"name\":\"Obeau\",\"description\":\"\",\"potentialAction\":[{\"@type\":\"SearchAction\",\"target\":{\"@type\":\"EntryPoint\",\"urlTemplate\":\"https:\\\/\\\/o-beau.com\\\/?s={search_term_string}\"},\"query-input\":{\"@type\":\"PropertyValueSpecification\",\"valueRequired\":true,\"valueName\":\"search_term_string\"}}],\"inLanguage\":\"fr-FR\"}]}<\/script>\n<!-- \/ Yoast SEO plugin. -->","yoast_head_json":{"title":"Tourn\u00e9es d\u2019antiquit\u00e9s - Obeau","robots":{"index":"index","follow":"follow","max-snippet":"max-snippet:-1","max-image-preview":"max-image-preview:large","max-video-preview":"max-video-preview:-1"},"canonical":"https:\/\/o-beau.com\/fr\/antiek-tours\/","og_locale":"fr_FR","og_type":"article","og_title":"Tourn\u00e9es d\u2019antiquit\u00e9s - Obeau","og_description":"Tourn\u00e9es d\u2019antiquit\u00e9s Tourn\u00e9es d\u2019antiquit\u00e9s Nous organisons plusieurs tourn\u00e9es d'antiquit\u00e9s aux Pays-Bas, en Belgique et en France. Gr\u00e2ce \u00e0 nos nombreuses ann\u00e9es d'expertise, nous savons exactement ce qui se passe sur le march\u00e9 des antiquit\u00e9s. Nous nous ferons un plaisir de vous emmener en tourn\u00e9e et de passer chez diff\u00e9rents antiquaires avec vous. Indiquez votre style [&hellip;]","og_url":"https:\/\/o-beau.com\/fr\/antiek-tours\/","og_site_name":"Obeau","article_modified_time":"2022-02-03T21:31:12+00:00","twitter_card":"summary_large_image","twitter_misc":{"Dur\u00e9e de lecture estim\u00e9e":"2 minutes"},"schema":{"@context":"https:\/\/schema.org","@graph":[{"@type":"WebPage","@id":"https:\/\/o-beau.com\/fr\/antiek-tours\/","url":"https:\/\/o-beau.com\/fr\/antiek-tours\/","name":"Tourn\u00e9es d\u2019antiquit\u00e9s - Obeau","isPartOf":{"@id":"https:\/\/o-beau.com\/#website"},"datePublished":"2019-04-15T06:11:01+00:00","dateModified":"2022-02-03T21:31:12+00:00","breadcrumb":{"@id":"https:\/\/o-beau.com\/fr\/antiek-tours\/#breadcrumb"},"inLanguage":"fr-FR","potentialAction":[{"@type":"ReadAction","target":["https:\/\/o-beau.com\/fr\/antiek-tours\/"]}]},{"@type":"BreadcrumbList","@id":"https:\/\/o-beau.com\/fr\/antiek-tours\/#breadcrumb","itemListElement":[{"@type":"ListItem","position":1,"name":"Home","item":"https:\/\/o-beau.com\/fr\/"},{"@type":"ListItem","position":2,"name":"Tourn\u00e9es d\u2019antiquit\u00e9s"}]},{"@type":"WebSite","@id":"https:\/\/o-beau.com\/#website","url":"https:\/\/o-beau.com\/","name":"Obeau","description":"","potentialAction":[{"@type":"SearchAction","target":{"@type":"EntryPoint","urlTemplate":"https:\/\/o-beau.com\/?s={search_term_string}"},"query-input":{"@type":"PropertyValueSpecification","valueRequired":true,"valueName":"search_term_string"}}],"inLanguage":"fr-FR"}]}},"_links":{"self":[{"href":"https:\/\/o-beau.com\/fr\/wp-json\/wp\/v2\/pages\/3142","targetHints":{"allow":["GET"]}}],"collection":[{"href":"https:\/\/o-beau.com\/fr\/wp-json\/wp\/v2\/pages"}],"about":[{"href":"https:\/\/o-beau.com\/fr\/wp-json\/wp\/v2\/types\/page"}],"author":[{"embeddable":true,"href":"https:\/\/o-beau.com\/fr\/wp-json\/wp\/v2\/users\/1"}],"replies":[{"embeddable":true,"href":"https:\/\/o-beau.com\/fr\/wp-json\/wp\/v2\/comments?post=3142"}],"version-history":[{"count":10,"href":"https:\/\/o-beau.com\/fr\/wp-json\/wp\/v2\/pages\/3142\/revisions"}],"predecessor-version":[{"id":19930,"href":"https:\/\/o-beau.com\/fr\/wp-json\/wp\/v2\/pages\/3142\/revisions\/19930"}],"wp:attachment":[{"href":"https:\/\/o-beau.com\/fr\/wp-json\/wp\/v2\/media?parent=3142"}],"curies":[{"name":"wp","href":"https:\/\/api.w.org\/{rel}","templated":true}]}}