{"id":3143,"date":"2019-01-21T07:18:58","date_gmt":"2019-01-21T07:18:58","guid":{"rendered":"http:\/\/o-beau.com\/over\/"},"modified":"2019-10-18T12:00:19","modified_gmt":"2019-10-18T12:00:19","slug":"over","status":"publish","type":"page","link":"https:\/\/o-beau.com\/fr\/over\/","title":{"rendered":"\u00c0 propos de O&rsquo;BEAU"},"content":{"rendered":"<p><section   class=\"fw-main-row-custom fw-main-row-top fw-section-no-padding  fw_theme_bg_fw-custom fw-section-image fw-section-height-custom  fw-section-position-back tf-sh-d8f605f5df0f57a393b20427da55339a hero-image-content-page\"  style=\" background-image:url(\/\/o-beau.com\/wp-content\/uploads\/2019\/10\/shutterstock_1211642689.jpg); background-repeat: no-repeat; background-position: center center; background-size: cover; height: 338px;\"  >\n\t\t<div class=\"fw-main-row-overlay fw_theme_bg_color_1\" style=\"opacity: 0.45;\"><\/div>\t<div class=\"fw-container-fluid\" >\n\t\t<div class=\"fw-row\">\n\t<div id=\"column-69f8ae4a398a7\" class=\"fw-col-sm-12 tf-sh-f7d75741247db2ad3ec30b5ad0b9e018\" >\n\t<div class=\"fw-wrap-col-inner clearfix  \"   >\n\t\t\t\t<div class=\"fw-col-inner\">\n\t\t\t<div class=\"fw-heading fw-heading-left  tf-sh-36f515f515b795457e56476493357ea5\" >\n\t\t\t<h2 class=\"fw-special-title\">\u00c0 propos de O'BEAU<\/h2>\n\t\n\t\n\t<\/div>\t\t<\/div>\n\t<\/div>\n<\/div><\/div>\n\n\t<\/div>\n\t<\/section><section   class=\"fw-main-row-custom  auto  fw-section-position-back tf-sh-684b315775aabdb9e46979543f4a3cf2 crumps\"    >\n\t\t\t<div class=\"fw-container\" >\n\t\t<div class=\"fw-row\">\n\t<div id=\"column-69f8ae4a39cda\" class=\"fw-col-sm-12 tf-sh-33b5248bcea68122329048084773e330\" >\n\t<div class=\"fw-wrap-col-inner clearfix  \"   >\n\t\t\t\t<div class=\"fw-col-inner\">\n\t\t\t<div class=\"fw-breadcrumbs-shortcode \">\n\t\n<\/div>\t\t<\/div>\n\t<\/div>\n<\/div><\/div>\n\n\t<\/div>\n\t<\/section><section   class=\"fw-main-row-custom  auto  fw-section-position-back tf-sh-8720ed1c34b049d37edede38bac145e4 content-page-description\"    >\n\t\t\t<div class=\"fw-container\" >\n\t\t<div class=\"fw-row\">\n\t<div id=\"column-69f8ae4a3a233\" class=\"fw-col-sm-8 tf-sh-79a1d2f6cdd96f2fce27366125fc7b6a collection-text-content\" >\n\t<div class=\"fw-wrap-col-inner clearfix  \"   >\n\t\t\t\t<div class=\"fw-col-inner\">\n\t\t\t<div class=\"fw-heading fw-heading-left  tf-sh-d4ea0cb813b04a33125c9c90a3fb6b89\" >\n\t\t\t<h1 class=\"fw-special-title\">\u00c0 propos de O'BEAU<\/h1>\n\t\n\t\n\t<\/div><div class=\"fw-text-box tf-sh-b000b0f006d728360252d53ade485a9a \" >\n\t<div class=\"fw-text-inner\">\n\t\t<p>O'BEAU est une soci\u00e9t\u00e9 ax\u00e9e sur la vente d'antiquit\u00e9s intemporelles et uniques dans le monde entier. Avec notre collection, nous nous adressons \u00e0 la fois aux d\u00e9taillants et aux particuliers<\/p>\n\t<\/div>\n<\/div><div class=\"fw-heading fw-heading-left  tf-sh-d0689ce0295cd55b367040ee66cba2b2\" >\n\t\t\t<h2 class=\"fw-special-title\">Exp\u00e9rience<\/h2>\n\t\n\t\n\t<\/div><div class=\"fw-text-box tf-sh-c3bf4b23961cc997ed736bf42f87cf03 \" >\n\t<div class=\"fw-text-inner\">\n\t\t<p>O'BEAU a \u00e9t\u00e9 fond\u00e9 en 2016 par Lambert Junior de Visser. Fort de plusieurs dizaines d\u2019ann\u00e9es d'exp\u00e9rience dans l'entreprise de son p\u00e8re, De Visser d\u00e9cidait de cr\u00e9er sa propre entreprise. C'est ainsi qu'est n\u00e9 O'BEAU : un centre d'antiquit\u00e9s d\u00e9bordant d'antiquit\u00e9s uniques, de meubles design modernes et d'accessoires pour la maison.<\/p>\n\t<\/div>\n<\/div><div class=\"fw-heading fw-heading-left  tf-sh-dca762d77e56a2cc7abfcbb4cc09172e\" >\n\t\t\t<h2 class=\"fw-special-title\">R\u00e9duire le nombre d\u2019interm\u00e9diaires avec les commer\u00e7ants <\/h2>\n\t\n\t\n\t<\/div><div class=\"fw-text-box tf-sh-95e3dacca4b069b68ae6b2c3b2a1eaa8 \" >\n\t<div class=\"fw-text-inner\">\n\t\t<p>Notre mission est d'offrir constamment des antiquit\u00e9s uniques et exclusives du monde entier. Avec notre large gamme de produits et notre vaste r\u00e9seau, nous souhaitons vous surprendre par la beaut\u00e9 de ce que l'on trouve dans le monde entier. Nous nous concentrons sur l'\u00e9largissement constant de notre gamme et nous faisons tout ce que nous pouvons pour grandir \u00e0 l\u2019\u00e9chelle international. Nous permettons de r\u00e9duire le nombre d\u2019interm\u00e9diaires avec les d\u00e9taillants afin de toujours \u00eatre inform\u00e9s des nouveaut\u00e9s et des articles exclusifs.<\/p>\n\t<\/div>\n<\/div><div class=\"fw-heading fw-heading-left  tf-sh-3410dea5c3b041001a50f2280406e212\" >\n\t\t\t<h2 class=\"fw-special-title\">Offrir des antiquit\u00e9s<\/h2>\n\t\n\t\n\t<\/div><div class=\"fw-text-box tf-sh-47a30fb753d84352da409211c59d2235 \" >\n\t<div class=\"fw-text-inner\">\n\t\t<p>O'BEAU propose une solution adapt\u00e9e pour tous les go\u00fbts et tous les budgets. Du moderne \u00e0 l'ancien : notre gamme se compose d'articles bon march\u00e9 ou plus chers. Nous vous proposons des articles uniques du monde entier, vous ne vous ennuierez donc jamais avec notre assortiment.<\/p>\n\t<\/div>\n<\/div><div class=\"fw-heading fw-heading-left  tf-sh-51187fb71c907cc021456b3adf5fee0b\" >\n\t\t\t<h2 class=\"fw-special-title\">Foire d\u2019antiquit\u00e9s<\/h2>\n\t\n\t\n\t<\/div><div class=\"fw-text-box tf-sh-cf913ceda3f8927f4fb75dc703b3e61a \" >\n\t<div class=\"fw-text-inner\">\n\t\t<p>Nous participons r\u00e9guli\u00e8rement \u00e0 diverses foires d'antiquit\u00e9s aux Pays-Bas, en Belgique et en France. Nous organisons \u00e9galement plusieurs tourn\u00e9es d'antiquit\u00e9s. Si vous \u00eates int\u00e9ress\u00e9, vous pouvez vous inscrire \u00e0 ces tourn\u00e9es. Nous nous rendrons avec vous chez plusieurs antiquaires qui correspondent \u00e0 votre style et \u00e0 votre budget.<\/p>\n\t<\/div>\n<\/div><div class=\"fw-heading fw-heading-left  tf-sh-47c91e17f3626c46711e66681cccc40a\" >\n\t\t\t<h3 class=\"fw-special-title\">En savoir plus sur O'BEAU?<\/h3>\n\t\n\t\n\t<\/div><div class=\"fw-text-box tf-sh-7cfb4b2258817c6c91ca1b52a53949c9 \" >\n\t<div class=\"fw-text-inner\">\n\t\t<p>Vous voulez en savoir plus sur O'BEAU ? N'h\u00e9sitez pas \u00e0 nous contacter. Nous serons heureux de vous aider afin de savoir exactement ce que vous pouvez attendre de nous.<\/p>\n\t<\/div>\n<\/div>\t<a href=\"\/informatie-aanvragen\/\" target=\"_self\" class=\"fw-btn tf-sh-c0cd7efbb80c22f58b5eebc6016214af  fw-btn-md   fw-btn-side-by-side fw-btn-1\"  style=\"\">\n\t\t<span >\n\t\t\tdemander des informations\t\t<\/span>\n\t<\/a>\n\t\t<\/div>\n\t<\/div>\n<\/div><\/div>\n\n\t<\/div>\n\t<\/section><\/p>\n","protected":false},"excerpt":{"rendered":"<p>\u00c0 propos de O&rsquo;BEAU \u00c0 propos de O&rsquo;BEAU O&rsquo;BEAU est une soci\u00e9t\u00e9 ax\u00e9e sur la vente d&rsquo;antiquit\u00e9s intemporelles et uniques dans le monde entier. Avec notre collection, nous nous adressons \u00e0 la fois aux d\u00e9taillants et aux particuliers Exp\u00e9rience O&rsquo;BEAU a \u00e9t\u00e9 fond\u00e9 en 2016 par Lambert Junior de Visser. Fort de plusieurs dizaines d\u2019ann\u00e9es [&hellip;]<\/p>\n","protected":false},"author":1,"featured_media":0,"parent":0,"menu_order":0,"comment_status":"closed","ping_status":"closed","template":"visual-builder-template.php","meta":{"footnotes":""},"class_list":["post-3143","page","type-page","status-publish","hentry"],"yoast_head":"<!-- This site is optimized with the Yoast SEO plugin v27.5 - https:\/\/yoast.com\/product\/yoast-seo-wordpress\/ -->\n<title>\u00c0 propos de O&#039;BEAU - Obeau<\/title>\n<meta name=\"robots\" content=\"index, follow, max-snippet:-1, max-image-preview:large, max-video-preview:-1\" \/>\n<link rel=\"canonical\" href=\"https:\/\/o-beau.com\/fr\/over\/\" \/>\n<meta property=\"og:locale\" content=\"fr_FR\" \/>\n<meta property=\"og:type\" content=\"article\" \/>\n<meta property=\"og:title\" content=\"\u00c0 propos de O&#039;BEAU - Obeau\" \/>\n<meta property=\"og:description\" content=\"\u00c0 propos de O&#039;BEAU \u00c0 propos de O&#039;BEAU O&#039;BEAU est une soci\u00e9t\u00e9 ax\u00e9e sur la vente d&#039;antiquit\u00e9s intemporelles et uniques dans le monde entier. Avec notre collection, nous nous adressons \u00e0 la fois aux d\u00e9taillants et aux particuliers Exp\u00e9rience O&#039;BEAU a \u00e9t\u00e9 fond\u00e9 en 2016 par Lambert Junior de Visser. Fort de plusieurs dizaines d\u2019ann\u00e9es [&hellip;]\" \/>\n<meta property=\"og:url\" content=\"https:\/\/o-beau.com\/fr\/over\/\" \/>\n<meta property=\"og:site_name\" content=\"Obeau\" \/>\n<meta property=\"article:modified_time\" content=\"2019-10-18T12:00:19+00:00\" \/>\n<meta name=\"twitter:card\" content=\"summary_large_image\" \/>\n<meta name=\"twitter:label1\" content=\"Dur\u00e9e de lecture estim\u00e9e\" \/>\n\t<meta name=\"twitter:data1\" content=\"2 minutes\" \/>\n<script type=\"application\/ld+json\" class=\"yoast-schema-graph\">{\"@context\":\"https:\\\/\\\/schema.org\",\"@graph\":[{\"@type\":\"WebPage\",\"@id\":\"https:\\\/\\\/o-beau.com\\\/fr\\\/over\\\/\",\"url\":\"https:\\\/\\\/o-beau.com\\\/fr\\\/over\\\/\",\"name\":\"\u00c0 propos de O'BEAU - Obeau\",\"isPartOf\":{\"@id\":\"https:\\\/\\\/o-beau.com\\\/#website\"},\"datePublished\":\"2019-01-21T07:18:58+00:00\",\"dateModified\":\"2019-10-18T12:00:19+00:00\",\"breadcrumb\":{\"@id\":\"https:\\\/\\\/o-beau.com\\\/fr\\\/over\\\/#breadcrumb\"},\"inLanguage\":\"fr-FR\",\"potentialAction\":[{\"@type\":\"ReadAction\",\"target\":[\"https:\\\/\\\/o-beau.com\\\/fr\\\/over\\\/\"]}]},{\"@type\":\"BreadcrumbList\",\"@id\":\"https:\\\/\\\/o-beau.com\\\/fr\\\/over\\\/#breadcrumb\",\"itemListElement\":[{\"@type\":\"ListItem\",\"position\":1,\"name\":\"Home\",\"item\":\"https:\\\/\\\/o-beau.com\\\/fr\\\/\"},{\"@type\":\"ListItem\",\"position\":2,\"name\":\"\u00c0 propos de O&rsquo;BEAU\"}]},{\"@type\":\"WebSite\",\"@id\":\"https:\\\/\\\/o-beau.com\\\/#website\",\"url\":\"https:\\\/\\\/o-beau.com\\\/\",\"name\":\"Obeau\",\"description\":\"\",\"potentialAction\":[{\"@type\":\"SearchAction\",\"target\":{\"@type\":\"EntryPoint\",\"urlTemplate\":\"https:\\\/\\\/o-beau.com\\\/?s={search_term_string}\"},\"query-input\":{\"@type\":\"PropertyValueSpecification\",\"valueRequired\":true,\"valueName\":\"search_term_string\"}}],\"inLanguage\":\"fr-FR\"}]}<\/script>\n<!-- \/ Yoast SEO plugin. -->","yoast_head_json":{"title":"\u00c0 propos de O'BEAU - Obeau","robots":{"index":"index","follow":"follow","max-snippet":"max-snippet:-1","max-image-preview":"max-image-preview:large","max-video-preview":"max-video-preview:-1"},"canonical":"https:\/\/o-beau.com\/fr\/over\/","og_locale":"fr_FR","og_type":"article","og_title":"\u00c0 propos de O'BEAU - Obeau","og_description":"\u00c0 propos de O'BEAU \u00c0 propos de O'BEAU O'BEAU est une soci\u00e9t\u00e9 ax\u00e9e sur la vente d'antiquit\u00e9s intemporelles et uniques dans le monde entier. Avec notre collection, nous nous adressons \u00e0 la fois aux d\u00e9taillants et aux particuliers Exp\u00e9rience O'BEAU a \u00e9t\u00e9 fond\u00e9 en 2016 par Lambert Junior de Visser. Fort de plusieurs dizaines d\u2019ann\u00e9es [&hellip;]","og_url":"https:\/\/o-beau.com\/fr\/over\/","og_site_name":"Obeau","article_modified_time":"2019-10-18T12:00:19+00:00","twitter_card":"summary_large_image","twitter_misc":{"Dur\u00e9e de lecture estim\u00e9e":"2 minutes"},"schema":{"@context":"https:\/\/schema.org","@graph":[{"@type":"WebPage","@id":"https:\/\/o-beau.com\/fr\/over\/","url":"https:\/\/o-beau.com\/fr\/over\/","name":"\u00c0 propos de O'BEAU - Obeau","isPartOf":{"@id":"https:\/\/o-beau.com\/#website"},"datePublished":"2019-01-21T07:18:58+00:00","dateModified":"2019-10-18T12:00:19+00:00","breadcrumb":{"@id":"https:\/\/o-beau.com\/fr\/over\/#breadcrumb"},"inLanguage":"fr-FR","potentialAction":[{"@type":"ReadAction","target":["https:\/\/o-beau.com\/fr\/over\/"]}]},{"@type":"BreadcrumbList","@id":"https:\/\/o-beau.com\/fr\/over\/#breadcrumb","itemListElement":[{"@type":"ListItem","position":1,"name":"Home","item":"https:\/\/o-beau.com\/fr\/"},{"@type":"ListItem","position":2,"name":"\u00c0 propos de O&rsquo;BEAU"}]},{"@type":"WebSite","@id":"https:\/\/o-beau.com\/#website","url":"https:\/\/o-beau.com\/","name":"Obeau","description":"","potentialAction":[{"@type":"SearchAction","target":{"@type":"EntryPoint","urlTemplate":"https:\/\/o-beau.com\/?s={search_term_string}"},"query-input":{"@type":"PropertyValueSpecification","valueRequired":true,"valueName":"search_term_string"}}],"inLanguage":"fr-FR"}]}},"_links":{"self":[{"href":"https:\/\/o-beau.com\/fr\/wp-json\/wp\/v2\/pages\/3143","targetHints":{"allow":["GET"]}}],"collection":[{"href":"https:\/\/o-beau.com\/fr\/wp-json\/wp\/v2\/pages"}],"about":[{"href":"https:\/\/o-beau.com\/fr\/wp-json\/wp\/v2\/types\/page"}],"author":[{"embeddable":true,"href":"https:\/\/o-beau.com\/fr\/wp-json\/wp\/v2\/users\/1"}],"replies":[{"embeddable":true,"href":"https:\/\/o-beau.com\/fr\/wp-json\/wp\/v2\/comments?post=3143"}],"version-history":[{"count":6,"href":"https:\/\/o-beau.com\/fr\/wp-json\/wp\/v2\/pages\/3143\/revisions"}],"predecessor-version":[{"id":5437,"href":"https:\/\/o-beau.com\/fr\/wp-json\/wp\/v2\/pages\/3143\/revisions\/5437"}],"wp:attachment":[{"href":"https:\/\/o-beau.com\/fr\/wp-json\/wp\/v2\/media?parent=3143"}],"curies":[{"name":"wp","href":"https:\/\/api.w.org\/{rel}","templated":true}]}}