{"id":5045,"date":"2019-01-22T08:21:08","date_gmt":"2019-01-22T08:21:08","guid":{"rendered":"http:\/\/o-beau.com\/informatie-aanvragen\/"},"modified":"2019-11-13T13:30:59","modified_gmt":"2019-11-13T13:30:59","slug":"informatie-aanvragen","status":"publish","type":"page","link":"https:\/\/o-beau.com\/fr\/informatie-aanvragen\/","title":{"rendered":"Informatie aanvragen"},"content":{"rendered":"<p><section   class=\"fw-main-row-custom fw-main-row-top fw-section-no-padding  auto  fw-section-position-back tf-sh-00e7fc10bef3bd65d2a4382dfe5635b5\"    >\n\t\t\t<div class=\"fw-container-fluid\" >\n\t\t<div class=\"fw-row\">\n\t<div id=\"column-69f967161819e\" class=\"fw-col-sm-12 tf-sh-9a306327efdfbd15290fa61d5b2940ac  fw-col-no-padding\" >\n\t<div class=\"fw-wrap-col-inner clearfix   fw-column-height-custom\" style=\"height: 350px;\"  >\n\t\t\t\t\t<div class=\"fw-main-row-overlay\"><\/div>\n\t\t\t\t<div class=\"fw-col-inner\">\n\t\t\t\t\t<\/div>\n\t<\/div>\n<\/div><\/div>\n\n\t<\/div>\n\t<\/section><section   class=\"fw-main-row-custom  auto  fw-section-position-back tf-sh-7792439a365cecc342db652a759c705b\"    >\n\t\t\t<div class=\"fw-container\" >\n\t\t<div class=\"fw-row\">\n\t<div id=\"column-69f96716186fd\" class=\"fw-col-sm-9 tf-sh-776f6059b28db5416bcf50b67b1d2d49 contact-form\" >\n\t<div class=\"fw-wrap-col-inner clearfix  \"   >\n\t\t\t\t<div class=\"fw-col-inner\">\n\t\t\t<div class=\"fw-heading fw-heading-left  tf-sh-74c274e0e3aa5b33588208cae78547cf\" >\n\t\t\t<h2 class=\"fw-special-title\">Informatie aanvragen<\/h2>\n\t\n\t\n\t<\/div><div class=\"fw-text-box tf-sh-e35125deb953bcdf0fe1d3af78034655 \" >\n\t<div class=\"fw-text-inner\">\n\t\t<p>Vul het contactformulier in, en wij beantwoorden uw vraag binnen 24 uur.<\/p>\n<p>Our Customer care team aim to reply within 24 hours and most emails are<br \/>responded to same day within office hours.<\/p>\n<p>Voulez-vous en savoir plus? N'h\u00e9sitez pas \u00e0 nous contacter. Nous sommes heureux de vous aider \u00e0 savoir exactement ce que vous pouvez attendre de nous.<\/p>\n\t<\/div>\n<\/div><div class=\"fw-text-box tf-sh-68683fd67608af4937c2a147d50c21c1 \" >\n\t<div class=\"fw-text-inner\">\n\t\t<p><script>\nvar gform;gform||(document.addEventListener(\"gform_main_scripts_loaded\",function(){gform.scriptsLoaded=!0}),document.addEventListener(\"gform\/theme\/scripts_loaded\",function(){gform.themeScriptsLoaded=!0}),window.addEventListener(\"DOMContentLoaded\",function(){gform.domLoaded=!0}),gform={domLoaded:!1,scriptsLoaded:!1,themeScriptsLoaded:!1,isFormEditor:()=>\"function\"==typeof InitializeEditor,callIfLoaded:function(o){return!(!gform.domLoaded||!gform.scriptsLoaded||!gform.themeScriptsLoaded&&!gform.isFormEditor()||(gform.isFormEditor()&&console.warn(\"The use of gform.initializeOnLoaded() is deprecated in the form editor context and will be removed in Gravity Forms 3.1.\"),o(),0))},initializeOnLoaded:function(o){gform.callIfLoaded(o)||(document.addEventListener(\"gform_main_scripts_loaded\",()=>{gform.scriptsLoaded=!0,gform.callIfLoaded(o)}),document.addEventListener(\"gform\/theme\/scripts_loaded\",()=>{gform.themeScriptsLoaded=!0,gform.callIfLoaded(o)}),window.addEventListener(\"DOMContentLoaded\",()=>{gform.domLoaded=!0,gform.callIfLoaded(o)}))},hooks:{action:{},filter:{}},addAction:function(o,r,e,t){gform.addHook(\"action\",o,r,e,t)},addFilter:function(o,r,e,t){gform.addHook(\"filter\",o,r,e,t)},doAction:function(o){gform.doHook(\"action\",o,arguments)},applyFilters:function(o){return gform.doHook(\"filter\",o,arguments)},removeAction:function(o,r){gform.removeHook(\"action\",o,r)},removeFilter:function(o,r,e){gform.removeHook(\"filter\",o,r,e)},addHook:function(o,r,e,t,n){null==gform.hooks[o][r]&&(gform.hooks[o][r]=[]);var d=gform.hooks[o][r];null==n&&(n=r+\"_\"+d.length),gform.hooks[o][r].push({tag:n,callable:e,priority:t=null==t?10:t})},doHook:function(r,o,e){var t;if(e=Array.prototype.slice.call(e,1),null!=gform.hooks[r][o]&&((o=gform.hooks[r][o]).sort(function(o,r){return o.priority-r.priority}),o.forEach(function(o){\"function\"!=typeof(t=o.callable)&&(t=window[t]),\"action\"==r?t.apply(null,e):e[0]=t.apply(null,e)})),\"filter\"==r)return e[0]},removeHook:function(o,r,t,n){var e;null!=gform.hooks[o][r]&&(e=(e=gform.hooks[o][r]).filter(function(o,r,e){return!!(null!=n&&n!=o.tag||null!=t&&t!=o.priority)}),gform.hooks[o][r]=e)}});\n<\/script>\n\n                <div class='gf_browser_gecko gform_wrapper gform_legacy_markup_wrapper gform-theme--no-framework' data-form-theme='legacy' data-form-index='0' id='gform_wrapper_6' ><div id='gf_6' class='gform_anchor' tabindex='-1'><\/div>\n                        <div class='gform_heading'>\n                            <h3 class=\"gform_title\">Request info<\/h3>\n                        <\/div><form method='post' enctype='multipart\/form-data' target='gform_ajax_frame_6' id='gform_6'  action='\/fr\/wp-json\/wp\/v2\/pages\/5045#gf_6' data-formid='6' novalidate>\n                        <div class='gform-body gform_body'><ul id='gform_fields_6' class='gform_fields top_label form_sublabel_below description_below validation_below'><li id=\"field_6_6\" class=\"gfield gfield--type-hidden gform_hidden field_sublabel_below gfield--no-description field_description_below field_validation_below gfield_visibility_visible\"  ><div class='ginput_container ginput_container_text'><input name='input_6' id='input_6_6' type='hidden' class='gform_hidden'  aria-invalid=\"false\" value='' \/><\/div><\/li><li id=\"field_6_1\" class=\"gfield gfield--type-text half-left-col field_sublabel_below gfield--no-description field_description_below field_validation_below gfield_visibility_visible\"  ><label class='gfield_label gform-field-label' for='input_6_1'>Name<\/label><div class='ginput_container ginput_container_text'><input name='input_1' id='input_6_1' type='text' value='' class='large'      aria-invalid=\"false\"   \/><\/div><\/li><li id=\"field_6_3\" class=\"gfield gfield--type-email half-right-col field_sublabel_below gfield--no-description field_description_below field_validation_below gfield_visibility_visible\"  ><label class='gfield_label gform-field-label' for='input_6_3'>E-mail<\/label><div class='ginput_container ginput_container_email'>\n                            <input name='input_3' id='input_6_3' type='email' value='' class='large'     aria-invalid=\"false\"  \/>\n                        <\/div><\/li><li id=\"field_6_2\" class=\"gfield gfield--type-phone half-left-col field_sublabel_below gfield--no-description field_description_below field_validation_below gfield_visibility_visible\"  ><label class='gfield_label gform-field-label' for='input_6_2'>Phone number<\/label><div class='ginput_container ginput_container_phone'><input name='input_2' id='input_6_2' type='tel' value='' class='large'    aria-invalid=\"false\"   \/><\/div><\/li><li id=\"field_6_4\" class=\"gfield gfield--type-text half-right-col field_sublabel_below gfield--no-description field_description_below field_validation_below gfield_visibility_visible\"  ><label class='gfield_label gform-field-label' for='input_6_4'>Subjects<\/label><div class='ginput_container ginput_container_text'><input name='input_4' id='input_6_4' type='text' value='' class='large'      aria-invalid=\"false\"   \/><\/div><\/li><li id=\"field_6_5\" class=\"gfield gfield--type-textarea full-col field_sublabel_below gfield--no-description field_description_below field_validation_below gfield_visibility_visible\"  ><label class='gfield_label gform-field-label' for='input_6_5'>Message<\/label><div class='ginput_container ginput_container_textarea'><textarea name='input_5' id='input_6_5' class='textarea large'      aria-invalid=\"false\"   rows='10' cols='50'><\/textarea><\/div><\/li><li id=\"field_6_7\" class=\"gfield gfield--type-captcha field_sublabel_below gfield--no-description field_description_below field_validation_below gfield_visibility_visible\"  ><label class='gfield_label gform-field-label' for='input_6_7'>CAPTCHA<\/label><div id='input_6_7' class='ginput_container ginput_recaptcha' data-sitekey='6LethWwgAAAAAHzE0t-9sLBk6fsFYjAqk_pLx6-e'  data-theme='light' data-tabindex='0'  data-badge=''><\/div><\/li><\/ul><\/div>\n        <div class='gform-footer gform_footer top_label'> <input type='submit' id='gform_submit_button_6' class='gform_button button' onclick='gform.submission.handleButtonClick(this);' data-submission-type='submit' value='Send'  \/> <input type='hidden' name='gform_ajax' value='form_id=6&amp;title=1&amp;description=&amp;tabindex=0&amp;theme=legacy&amp;styles=[]&amp;hash=1ba0b16f060cebf4ea4ed3697848eb94' \/>\n            <input type='hidden' class='gform_hidden' name='gform_submission_method' data-js='gform_submission_method_6' value='iframe' \/>\n            <input type='hidden' class='gform_hidden' name='gform_theme' data-js='gform_theme_6' id='gform_theme_6' value='legacy' \/>\n            <input type='hidden' class='gform_hidden' name='gform_style_settings' data-js='gform_style_settings_6' id='gform_style_settings_6' value='[]' \/>\n            <input type='hidden' class='gform_hidden' name='is_submit_6' value='1' \/>\n            <input type='hidden' class='gform_hidden' name='gform_submit' value='6' \/>\n            \n            <input type='hidden' class='gform_hidden' name='gform_currency' data-currency='USD' value='1IBDTfIvWy3PkYucTZHCMdXr9IH6YTJgMy9G4\/E9ng+6CH8w8L\/B\/5VyFXTrf\/iMk+1dX0btV5jzgOsybwopxwqeFUNyO\/Hn2600hSup3s8csbI=' \/>\n            <input type='hidden' class='gform_hidden' name='gform_unique_id' value='' \/>\n            <input type='hidden' class='gform_hidden' name='state_6' value='WyJbXSIsImQ5NDZkYWJmZmJiOWQ5OTdlNDE5MmU3ZWQ0M2JlOGVlIl0=' \/>\n            <input type='hidden' autocomplete='off' class='gform_hidden' name='gform_target_page_number_6' id='gform_target_page_number_6' value='0' \/>\n            <input type='hidden' autocomplete='off' class='gform_hidden' name='gform_source_page_number_6' id='gform_source_page_number_6' value='1' \/>\n            <input type='hidden' name='gform_field_values' value='' \/>\n            \n        <\/div>\n                        <\/form>\n                        <\/div>\n\t\t                <iframe style='display:none;width:0px;height:0px;' src='about:blank' name='gform_ajax_frame_6' id='gform_ajax_frame_6' title='Cette iframe contient la logique n\u00e9cessaire pour manipuler Gravity Forms avec Ajax.'><\/iframe>\n\t\t                <script>\ngform.initializeOnLoaded( function() {gformInitSpinner( 6, 'https:\/\/o-beau.com\/wp-content\/plugins\/gravityforms\/images\/spinner.svg', true );jQuery('#gform_ajax_frame_6').on('load',function(){var contents = jQuery(this).contents().find('*').html();var is_postback = contents.indexOf('GF_AJAX_POSTBACK') >= 0;if(!is_postback){return;}var form_content = jQuery(this).contents().find('#gform_wrapper_6');var is_confirmation = jQuery(this).contents().find('#gform_confirmation_wrapper_6').length > 0;var is_redirect = contents.indexOf('gformRedirect(){') >= 0;var is_form = form_content.length > 0 && ! is_redirect && ! is_confirmation;var mt = parseInt(jQuery('html').css('margin-top'), 10) + parseInt(jQuery('body').css('margin-top'), 10) + 100;if(is_form){jQuery('#gform_wrapper_6').html(form_content.html());if(form_content.hasClass('gform_validation_error')){jQuery('#gform_wrapper_6').addClass('gform_validation_error');} else {jQuery('#gform_wrapper_6').removeClass('gform_validation_error');}setTimeout( function() { \/* delay the scroll by 50 milliseconds to fix a bug in chrome *\/ jQuery(document).scrollTop(jQuery('#gform_wrapper_6').offset().top - mt); }, 50 );if(window['gformInitDatepicker']) {gformInitDatepicker();}if(window['gformInitPriceFields']) {gformInitPriceFields();}var current_page = jQuery('#gform_source_page_number_6').val();gformInitSpinner( 6, 'https:\/\/o-beau.com\/wp-content\/plugins\/gravityforms\/images\/spinner.svg', true );jQuery(document).trigger('gform_page_loaded', [6, current_page]);window['gf_submitting_6'] = false;}else if(!is_redirect){var confirmation_content = jQuery(this).contents().find('.GF_AJAX_POSTBACK').html();if(!confirmation_content){confirmation_content = contents;}jQuery('#gform_wrapper_6').replaceWith(confirmation_content);jQuery(document).scrollTop(jQuery('#gf_6').offset().top - mt);jQuery(document).trigger('gform_confirmation_loaded', [6]);window['gf_submitting_6'] = false;wp.a11y.speak(jQuery('#gform_confirmation_message_6').text());}else{jQuery('#gform_6').append(contents);if(window['gformRedirect']) {gformRedirect();}}jQuery(document).trigger(\"gform_pre_post_render\", [{ formId: \"6\", currentPage: \"current_page\", abort: function() { this.preventDefault(); } }]);        if (event && event.defaultPrevented) {                return;        }        const gformWrapperDiv = document.getElementById( \"gform_wrapper_6\" );        if ( gformWrapperDiv ) {            const visibilitySpan = document.createElement( \"span\" );            visibilitySpan.id = \"gform_visibility_test_6\";            gformWrapperDiv.insertAdjacentElement( \"afterend\", visibilitySpan );        }        const visibilityTestDiv = document.getElementById( \"gform_visibility_test_6\" );        let postRenderFired = false;        function triggerPostRender() {            if ( postRenderFired ) {                return;            }            postRenderFired = true;            gform.core.triggerPostRenderEvents( 6, current_page );            if ( visibilityTestDiv ) {                visibilityTestDiv.parentNode.removeChild( visibilityTestDiv );            }        }        function debounce( func, wait, immediate ) {            var timeout;            return function() {                var context = this, args = arguments;                var later = function() {                    timeout = null;                    if ( !immediate ) func.apply( context, args );                };                var callNow = immediate && !timeout;                clearTimeout( timeout );                timeout = setTimeout( later, wait );                if ( callNow ) func.apply( context, args );            };        }        const debouncedTriggerPostRender = debounce( function() {            triggerPostRender();        }, 200 );        if ( visibilityTestDiv && visibilityTestDiv.offsetParent === null ) {            const observer = new MutationObserver( ( mutations ) => {                mutations.forEach( ( mutation ) => {                    if ( mutation.type === 'attributes' && visibilityTestDiv.offsetParent !== null ) {                        debouncedTriggerPostRender();                        observer.disconnect();                    }                });            });            observer.observe( document.body, {                attributes: true,                childList: false,                subtree: true,                attributeFilter: [ 'style', 'class' ],            });        } else {            triggerPostRender();        }    } );} );\n<\/script>\n<\/p>\n\t<\/div>\n<\/div>\t\t<\/div>\n\t<\/div>\n<\/div><div id=\"column-69f967161abf1\" class=\"fw-col-sm-3 tf-sh-3d4273c26d4049368d5617f39572c515 map-column\" >\n\t<div class=\"fw-wrap-col-inner clearfix  \"   >\n\t\t\t\t<div class=\"fw-col-inner\">\n\t\t\t<div class=\"fw-heading fw-heading-left contact-heading tf-sh-b132fcea57a644852cb62d3afca9f143\" >\n\t\t\t<h5 class=\"fw-special-title\">Informatie<\/h5>\n\t\n\t\n\t<\/div><div class=\"fw-text-box tf-sh-4594feab94e220cffe359aabce76293e \" >\n\t<div class=\"fw-text-inner\">\n\t\t<p>Zoutendijk 22<br \/>4927 AT Hooge Zwaluwe<br \/>Nederland<\/p>\n<p><a href=\"tel:+31620318562\">T: +31 (0) 620 318 562<\/a><br \/><a href=\"mailto:info@o-beau.com\">info@o-beau.com<\/a><\/p>\n\t<\/div>\n<\/div>\t<div  class=\"fw-divider tf-sh-a737dcc81af19e818a9f36a3b393cbf6  fw-divider-align-center fw-divider-full-width fw-line-solid fw-divider-line  \"  style=\"width: auto; padding-top:20px; margin-bottom:20px; border-color:#e9ecef;\" ><\/div>\n<div class=\"fw-heading fw-heading-left contact-heading tf-sh-41c44602847b0914a87904fe54486b35\" >\n\t\t\t<h5 class=\"fw-special-title\">Bezoekadres<\/h5>\n\t\n\t\n\t<\/div><div class=\"fw-divider-space  fw-custom-space  clearfix\" style=\"height:10px;\" ><\/div><div class=\"wrap-map fw-map map-column tf-sh-66e7254b48848d8558d89c468527ba95\"  data-locations=\"[{&quot;title&quot;:&quot;&quot;,&quot;url&quot;:&quot;&quot;,&quot;thumb&quot;:false,&quot;coordinates&quot;:{&quot;lat&quot;:51.687647,&quot;lng&quot;:4.7345417},&quot;description&quot;:&quot;&quot;}]\" data-map-type=\"ROADMAP\" data-map-height=\"300\" data-unique-id=\"66e7254b48848d8558d89c468527ba95\" data-location-advanced-styling=\"{&quot;title&quot;:{&quot;google_font&quot;:true,&quot;subset&quot;:&quot;latin&quot;,&quot;variation&quot;:&quot;700&quot;,&quot;family&quot;:&quot;Montserrat&quot;,&quot;style&quot;:false,&quot;weight&quot;:false,&quot;size&quot;:&quot;14&quot;,&quot;line-height&quot;:&quot;26&quot;,&quot;letter-spacing&quot;:&quot;-1&quot;,&quot;color-palette&quot;:{&quot;id&quot;:&quot;fw-custom&quot;,&quot;color&quot;:&quot;&quot;},&quot;is_saved&quot;:false},&quot;description&quot;:{&quot;google_font&quot;:true,&quot;subset&quot;:&quot;latin&quot;,&quot;variation&quot;:&quot;regular&quot;,&quot;family&quot;:&quot;Quattrocento Sans&quot;,&quot;style&quot;:false,&quot;weight&quot;:false,&quot;size&quot;:&quot;16.5&quot;,&quot;line-height&quot;:&quot;28&quot;,&quot;letter-spacing&quot;:&quot;0&quot;,&quot;color-palette&quot;:{&quot;id&quot;:&quot;fw-custom&quot;,&quot;color&quot;:&quot;&quot;},&quot;is_saved&quot;:false}}\" data-map-pin=\"{&quot;url&quot;:&quot;https:\\\/\\\/o-beau.com\\\/wp-content\\\/themes\\\/best4u\\\/images\\\/map-pin.png&quot;}\" data-map-zoom=\"15\" data-map-style=\"\" data-animation-group=\"{&quot;selected&quot;:&quot;no&quot;,&quot;yes&quot;:{&quot;animation&quot;:{&quot;animation&quot;:&quot;fadeInUp&quot;,&quot;delay&quot;:&quot;200&quot;}}}\" data-responsive=\"{&quot;desktop_display&quot;:{&quot;selected&quot;:&quot;yes&quot;},&quot;tablet_landscape_display&quot;:{&quot;selected&quot;:&quot;yes&quot;},&quot;tablet_display&quot;:{&quot;selected&quot;:&quot;yes&quot;},&quot;smartphone_display&quot;:{&quot;selected&quot;:&quot;yes&quot;}}\" data-class=\"map-column\" >\n\t<div class=\"fw-map-canvas map\"><\/div>\n<\/div>\t<div  class=\"fw-divider tf-sh-e90f355ae8d557e560fd410c719457b5  fw-divider-align-center fw-divider-full-width fw-line-solid fw-divider-line  \"  style=\"width: auto; padding-top:20px; margin-bottom:20px; border-color:#e9ecef;\" ><\/div>\n\t\t<\/div>\n\t<\/div>\n<\/div><\/div>\n\n\t<\/div>\n\t<\/section><\/p>\n","protected":false},"excerpt":{"rendered":"<p>Informatie aanvragen Vul het contactformulier in, en wij beantwoorden uw vraag binnen 24 uur. Our Customer care team aim to reply within 24 hours and most emails areresponded to same day within office hours. Voulez-vous en savoir plus? N&rsquo;h\u00e9sitez pas \u00e0 nous contacter. Nous sommes heureux de vous aider \u00e0 savoir exactement ce que vous [&hellip;]<\/p>\n","protected":false},"author":1,"featured_media":0,"parent":0,"menu_order":0,"comment_status":"closed","ping_status":"closed","template":"visual-builder-template.php","meta":{"footnotes":""},"class_list":["post-5045","page","type-page","status-publish","hentry"],"yoast_head":"<!-- This site is optimized with the Yoast SEO plugin v27.5 - https:\/\/yoast.com\/product\/yoast-seo-wordpress\/ -->\n<title>Informatie aanvragen - Obeau<\/title>\n<meta name=\"robots\" content=\"index, follow, max-snippet:-1, max-image-preview:large, max-video-preview:-1\" \/>\n<link rel=\"canonical\" href=\"https:\/\/o-beau.com\/fr\/informatie-aanvragen\/\" \/>\n<meta property=\"og:locale\" content=\"fr_FR\" \/>\n<meta property=\"og:type\" content=\"article\" \/>\n<meta property=\"og:title\" content=\"Informatie aanvragen - Obeau\" \/>\n<meta property=\"og:description\" content=\"Informatie aanvragen Vul het contactformulier in, en wij beantwoorden uw vraag binnen 24 uur. Our Customer care team aim to reply within 24 hours and most emails areresponded to same day within office hours. Voulez-vous en savoir plus? N&#039;h\u00e9sitez pas \u00e0 nous contacter. Nous sommes heureux de vous aider \u00e0 savoir exactement ce que vous [&hellip;]\" \/>\n<meta property=\"og:url\" content=\"https:\/\/o-beau.com\/fr\/informatie-aanvragen\/\" \/>\n<meta property=\"og:site_name\" content=\"Obeau\" \/>\n<meta property=\"article:modified_time\" content=\"2019-11-13T13:30:59+00:00\" \/>\n<meta name=\"twitter:card\" content=\"summary_large_image\" \/>\n<script type=\"application\/ld+json\" class=\"yoast-schema-graph\">{\"@context\":\"https:\\\/\\\/schema.org\",\"@graph\":[{\"@type\":\"WebPage\",\"@id\":\"https:\\\/\\\/o-beau.com\\\/fr\\\/informatie-aanvragen\\\/\",\"url\":\"https:\\\/\\\/o-beau.com\\\/fr\\\/informatie-aanvragen\\\/\",\"name\":\"Informatie aanvragen - Obeau\",\"isPartOf\":{\"@id\":\"https:\\\/\\\/o-beau.com\\\/#website\"},\"datePublished\":\"2019-01-22T08:21:08+00:00\",\"dateModified\":\"2019-11-13T13:30:59+00:00\",\"breadcrumb\":{\"@id\":\"https:\\\/\\\/o-beau.com\\\/fr\\\/informatie-aanvragen\\\/#breadcrumb\"},\"inLanguage\":\"fr-FR\",\"potentialAction\":[{\"@type\":\"ReadAction\",\"target\":[\"https:\\\/\\\/o-beau.com\\\/fr\\\/informatie-aanvragen\\\/\"]}]},{\"@type\":\"BreadcrumbList\",\"@id\":\"https:\\\/\\\/o-beau.com\\\/fr\\\/informatie-aanvragen\\\/#breadcrumb\",\"itemListElement\":[{\"@type\":\"ListItem\",\"position\":1,\"name\":\"Home\",\"item\":\"https:\\\/\\\/o-beau.com\\\/fr\\\/\"},{\"@type\":\"ListItem\",\"position\":2,\"name\":\"Informatie aanvragen\"}]},{\"@type\":\"WebSite\",\"@id\":\"https:\\\/\\\/o-beau.com\\\/#website\",\"url\":\"https:\\\/\\\/o-beau.com\\\/\",\"name\":\"Obeau\",\"description\":\"\",\"potentialAction\":[{\"@type\":\"SearchAction\",\"target\":{\"@type\":\"EntryPoint\",\"urlTemplate\":\"https:\\\/\\\/o-beau.com\\\/?s={search_term_string}\"},\"query-input\":{\"@type\":\"PropertyValueSpecification\",\"valueRequired\":true,\"valueName\":\"search_term_string\"}}],\"inLanguage\":\"fr-FR\"}]}<\/script>\n<!-- \/ Yoast SEO plugin. -->","yoast_head_json":{"title":"Informatie aanvragen - Obeau","robots":{"index":"index","follow":"follow","max-snippet":"max-snippet:-1","max-image-preview":"max-image-preview:large","max-video-preview":"max-video-preview:-1"},"canonical":"https:\/\/o-beau.com\/fr\/informatie-aanvragen\/","og_locale":"fr_FR","og_type":"article","og_title":"Informatie aanvragen - Obeau","og_description":"Informatie aanvragen Vul het contactformulier in, en wij beantwoorden uw vraag binnen 24 uur. Our Customer care team aim to reply within 24 hours and most emails areresponded to same day within office hours. Voulez-vous en savoir plus? N'h\u00e9sitez pas \u00e0 nous contacter. Nous sommes heureux de vous aider \u00e0 savoir exactement ce que vous [&hellip;]","og_url":"https:\/\/o-beau.com\/fr\/informatie-aanvragen\/","og_site_name":"Obeau","article_modified_time":"2019-11-13T13:30:59+00:00","twitter_card":"summary_large_image","schema":{"@context":"https:\/\/schema.org","@graph":[{"@type":"WebPage","@id":"https:\/\/o-beau.com\/fr\/informatie-aanvragen\/","url":"https:\/\/o-beau.com\/fr\/informatie-aanvragen\/","name":"Informatie aanvragen - Obeau","isPartOf":{"@id":"https:\/\/o-beau.com\/#website"},"datePublished":"2019-01-22T08:21:08+00:00","dateModified":"2019-11-13T13:30:59+00:00","breadcrumb":{"@id":"https:\/\/o-beau.com\/fr\/informatie-aanvragen\/#breadcrumb"},"inLanguage":"fr-FR","potentialAction":[{"@type":"ReadAction","target":["https:\/\/o-beau.com\/fr\/informatie-aanvragen\/"]}]},{"@type":"BreadcrumbList","@id":"https:\/\/o-beau.com\/fr\/informatie-aanvragen\/#breadcrumb","itemListElement":[{"@type":"ListItem","position":1,"name":"Home","item":"https:\/\/o-beau.com\/fr\/"},{"@type":"ListItem","position":2,"name":"Informatie aanvragen"}]},{"@type":"WebSite","@id":"https:\/\/o-beau.com\/#website","url":"https:\/\/o-beau.com\/","name":"Obeau","description":"","potentialAction":[{"@type":"SearchAction","target":{"@type":"EntryPoint","urlTemplate":"https:\/\/o-beau.com\/?s={search_term_string}"},"query-input":{"@type":"PropertyValueSpecification","valueRequired":true,"valueName":"search_term_string"}}],"inLanguage":"fr-FR"}]}},"_links":{"self":[{"href":"https:\/\/o-beau.com\/fr\/wp-json\/wp\/v2\/pages\/5045","targetHints":{"allow":["GET"]}}],"collection":[{"href":"https:\/\/o-beau.com\/fr\/wp-json\/wp\/v2\/pages"}],"about":[{"href":"https:\/\/o-beau.com\/fr\/wp-json\/wp\/v2\/types\/page"}],"author":[{"embeddable":true,"href":"https:\/\/o-beau.com\/fr\/wp-json\/wp\/v2\/users\/1"}],"replies":[{"embeddable":true,"href":"https:\/\/o-beau.com\/fr\/wp-json\/wp\/v2\/comments?post=5045"}],"version-history":[{"count":5,"href":"https:\/\/o-beau.com\/fr\/wp-json\/wp\/v2\/pages\/5045\/revisions"}],"predecessor-version":[{"id":7875,"href":"https:\/\/o-beau.com\/fr\/wp-json\/wp\/v2\/pages\/5045\/revisions\/7875"}],"wp:attachment":[{"href":"https:\/\/o-beau.com\/fr\/wp-json\/wp\/v2\/media?parent=5045"}],"curies":[{"name":"wp","href":"https:\/\/api.w.org\/{rel}","templated":true}]}}